{"id":4933,"date":"2025-10-30T17:48:24","date_gmt":"2025-10-30T17:48:24","guid":{"rendered":"https:\/\/moi-dom.md\/product\/recipient-pentru-gunoi-120-l\/"},"modified":"2026-02-13T13:12:24","modified_gmt":"2026-02-13T10:12:24","slug":"recipient-pentru-gunoi-120-l","status":"publish","type":"product","link":"https:\/\/moi-dom.md\/ro\/produs\/recipient-pentru-gunoi-120-l\/","title":{"rendered":"Bac pentru gunoi (120 l)"},"content":{"rendered":"<p>Co\u0219ul de gunoi pentru exterior este o solu\u021bie fiabil\u0103 pentru colectarea \u0219i depozitarea de\u0219eurilor menajere \u00een curte. Este fabricat din plastic durabil, rezistent la temperatur\u0103 \u0219i UV, nu va rugini \u0219i nu se va deforma.  Capacul cu \u00eenchidere ermetic\u0103 previne r\u0103sp\u00e2ndirea mirosurilor \u0219i protejeaz\u0103 con\u021binutul de ploaie, v\u00e2nt \u0219i animale. Recipientul se cur\u0103\u021b\u0103 u\u0219or \u0219i este potrivit pentru utilizarea regulat\u0103 \u00een aer liber. Este optim pentru case private, cabane \u0219i obiective comerciale. <\/p>\n","protected":false},"excerpt":{"rendered":"<p>Un co\u0219 de gunoi robust \u0219i spa\u021bios pentru exterior, ideal pentru case particulare \u0219i case de vacan\u021b\u0103.<\/p>\n","protected":false},"featured_media":4854,"template":"","meta":[],"product_brand":[],"product_cat":[770,121],"product_tag":[],"class_list":{"0":"post-4933","1":"product","2":"type-product","3":"status-publish","4":"has-post-thumbnail","6":"product_cat-bacuri-pentru-gunoi","7":"product_cat-cosuri-de-gunoi","8":"pa_manufacturer-turcia","9":"pa_material-plastic","10":"pa_size-725x585x1065-cm","11":"pa_volume-240-l","13":"first","14":"instock","15":"shipping-taxable","16":"purchasable","17":"product-type-simple"},"_links":{"self":[{"href":"https:\/\/moi-dom.md\/ro\/wp-json\/wp\/v2\/product\/4933","targetHints":{"allow":["GET"]}}],"collection":[{"href":"https:\/\/moi-dom.md\/ro\/wp-json\/wp\/v2\/product"}],"about":[{"href":"https:\/\/moi-dom.md\/ro\/wp-json\/wp\/v2\/types\/product"}],"version-history":[{"count":2,"href":"https:\/\/moi-dom.md\/ro\/wp-json\/wp\/v2\/product\/4933\/revisions"}],"predecessor-version":[{"id":9533,"href":"https:\/\/moi-dom.md\/ro\/wp-json\/wp\/v2\/product\/4933\/revisions\/9533"}],"wp:featuredmedia":[{"embeddable":true,"href":"https:\/\/moi-dom.md\/ro\/wp-json\/wp\/v2\/media\/4854"}],"wp:attachment":[{"href":"https:\/\/moi-dom.md\/ro\/wp-json\/wp\/v2\/media?parent=4933"}],"wp:term":[{"taxonomy":"product_brand","embeddable":true,"href":"https:\/\/moi-dom.md\/ro\/wp-json\/wp\/v2\/product_brand?post=4933"},{"taxonomy":"product_cat","embeddable":true,"href":"https:\/\/moi-dom.md\/ro\/wp-json\/wp\/v2\/product_cat?post=4933"},{"taxonomy":"product_tag","embeddable":true,"href":"https:\/\/moi-dom.md\/ro\/wp-json\/wp\/v2\/product_tag?post=4933"}],"curies":[{"name":"wp","href":"https:\/\/api.w.org\/{rel}","templated":true}]}}