{"id":4883,"date":"2025-10-31T19:39:43","date_gmt":"2025-10-31T19:39:43","guid":{"rendered":"https:\/\/moi-dom.md\/product\/cos-pentru-rufe-cu-doua-compartimente-72-l\/"},"modified":"2026-02-05T14:58:23","modified_gmt":"2026-02-05T11:58:23","slug":"cos-pentru-rufe-cu-doua-compartimente-72-l","status":"publish","type":"product","link":"https:\/\/moi-dom.md\/ro\/produs\/cos-pentru-rufe-cu-doua-compartimente-72-l\/","title":{"rendered":"Co\u0219 pentru rufe cu dou\u0103 compartimente (72 l)"},"content":{"rendered":"<p>Co\u0219ul pentru rufe cu dou\u0103 compartimente faciliteaz\u0103 separarea rufelor deschise \u0219i \u00eenchise, economisind timp la sp\u0103lare. Fabricat din plastic durabil, rezistent la umiditate \u0219i deformare. <\/p>\n","protected":false},"excerpt":{"rendered":"<p>Co\u0219ul pentru rufe cu dou\u0103 compartimente este o solu\u021bie convenabil\u0103 pentru sortarea hainelor \u00eenainte de sp\u0103lare. Practic, spa\u021bios \u0219i elegant, acesta se va potrivi perfect \u00een interiorul b\u0103ii. <\/p>\n","protected":false},"featured_media":4681,"template":"","meta":[],"product_brand":[],"product_cat":[123],"product_tag":[],"class_list":{"0":"post-4883","1":"product","2":"type-product","3":"status-publish","4":"has-post-thumbnail","6":"product_cat-articole-pentru-baie-si-toaleta","7":"pa_color-white","8":"pa_color-beige","9":"pa_color-dark_grey","10":"pa_manufacturer-turcia","11":"pa_material-pp-polipropilena","12":"pa_size-545x342x54-cm","13":"pa_volume-72-l","15":"first","16":"instock","17":"shipping-taxable","18":"purchasable","19":"product-type-variable"},"_links":{"self":[{"href":"https:\/\/moi-dom.md\/ro\/wp-json\/wp\/v2\/product\/4883","targetHints":{"allow":["GET"]}}],"collection":[{"href":"https:\/\/moi-dom.md\/ro\/wp-json\/wp\/v2\/product"}],"about":[{"href":"https:\/\/moi-dom.md\/ro\/wp-json\/wp\/v2\/types\/product"}],"version-history":[{"count":1,"href":"https:\/\/moi-dom.md\/ro\/wp-json\/wp\/v2\/product\/4883\/revisions"}],"predecessor-version":[{"id":9071,"href":"https:\/\/moi-dom.md\/ro\/wp-json\/wp\/v2\/product\/4883\/revisions\/9071"}],"wp:featuredmedia":[{"embeddable":true,"href":"https:\/\/moi-dom.md\/ro\/wp-json\/wp\/v2\/media\/4681"}],"wp:attachment":[{"href":"https:\/\/moi-dom.md\/ro\/wp-json\/wp\/v2\/media?parent=4883"}],"wp:term":[{"taxonomy":"product_brand","embeddable":true,"href":"https:\/\/moi-dom.md\/ro\/wp-json\/wp\/v2\/product_brand?post=4883"},{"taxonomy":"product_cat","embeddable":true,"href":"https:\/\/moi-dom.md\/ro\/wp-json\/wp\/v2\/product_cat?post=4883"},{"taxonomy":"product_tag","embeddable":true,"href":"https:\/\/moi-dom.md\/ro\/wp-json\/wp\/v2\/product_tag?post=4883"}],"curies":[{"name":"wp","href":"https:\/\/api.w.org\/{rel}","templated":true}]}}