{"id":4857,"date":"2025-10-31T19:39:43","date_gmt":"2025-10-31T19:39:43","guid":{"rendered":"https:\/\/moi-dom.md\/product\/cos-pentru-rufe-40-l-2\/"},"modified":"2026-02-05T14:58:23","modified_gmt":"2026-02-05T11:58:23","slug":"cos-pentru-rufe-40-l-2","status":"publish","type":"product","link":"https:\/\/moi-dom.md\/ro\/produs\/cos-pentru-rufe-40-l-2\/","title":{"rendered":"Co\u0219 pentru rufe (40 l)"},"content":{"rendered":"<p>\u041a\u043e\u0440\u0437\u0438\u043d\u0430 \u0434\u043b\u044f \u0431\u0435\u043b\u044c\u044f \u0432\u044b\u043f\u043e\u043b\u043d\u0435\u043d\u0430 \u0438\u0437 \u043f\u0440\u043e\u0447\u043d\u043e\u0433\u043e \u0438 \u043b\u0451\u0433\u043a\u043e\u0433\u043e \u043f\u043b\u0430\u0441\u0442\u0438\u043a\u0430, \u0443\u0441\u0442\u043e\u0439\u0447\u0438\u0432\u043e\u0433\u043e \u043a \u0432\u043b\u0430\u0433\u0435 \u0438 \u043f\u0435\u0440\u0435\u043f\u0430\u0434\u0430\u043c \u0442\u0435\u043c\u043f\u0435\u0440\u0430\u0442\u0443\u0440\u044b. \u0411\u043b\u0430\u0433\u043e\u0434\u0430\u0440\u044f \u043f\u0440\u044f\u043c\u043e\u0443\u0433\u043e\u043b\u044c\u043d\u043e\u0439 \u0444\u043e\u0440\u043c\u0435 \u043a\u043e\u0440\u0437\u0438\u043d\u0443 \u0443\u0434\u043e\u0431\u043d\u043e \u0440\u0430\u0437\u043c\u0435\u0449\u0430\u0442\u044c \u0432\u0434\u043e\u043b\u044c \u0441\u0442\u0435\u043d\u044b \u0438\u043b\u0438 \u0432 \u0443\u0433\u043b\u0443 \u0432\u0430\u043d\u043d\u043e\u0439 \u043a\u043e\u043c\u043d\u0430\u0442\u044b. \u041a\u0440\u044b\u0448\u043a\u0430 \u043d\u0430\u0434\u0451\u0436\u043d\u043e \u0441\u043a\u0440\u044b\u0432\u0430\u0435\u0442 \u0441\u043e\u0434\u0435\u0440\u0436\u0438\u043c\u043e\u0435, \u0441\u043e\u0445\u0440\u0430\u043d\u044f\u044f \u0430\u043a\u043a\u0443\u0440\u0430\u0442\u043d\u043e\u0441\u0442\u044c \u043f\u0440\u043e\u0441\u0442\u0440\u0430\u043d\u0441\u0442\u0432\u0430.  <\/p>\n","protected":false},"excerpt":{"rendered":"<p>Co\u0219 pentru rufe elegant \u0219i practic cu capac &#8211; ideal pentru a p\u0103stra lucrurile bine organizate \u00een baie sau \u00een sp\u0103l\u0103torie.<\/p>\n","protected":false},"featured_media":4708,"template":"","meta":[],"product_brand":[],"product_cat":[123],"product_tag":[],"class_list":{"0":"post-4857","1":"product","2":"type-product","3":"status-publish","4":"has-post-thumbnail","6":"product_cat-articole-pentru-baie-si-toaleta","7":"pa_color-white","8":"pa_color-beige","9":"pa_color-capucino","10":"pa_color-dark_grey","11":"pa_manufacturer-turcia","12":"pa_material-pp-polipropilena","13":"pa_size-43x32x505-cm","14":"pa_volume-40-l","16":"first","17":"instock","18":"shipping-taxable","19":"purchasable","20":"product-type-variable"},"_links":{"self":[{"href":"https:\/\/moi-dom.md\/ro\/wp-json\/wp\/v2\/product\/4857","targetHints":{"allow":["GET"]}}],"collection":[{"href":"https:\/\/moi-dom.md\/ro\/wp-json\/wp\/v2\/product"}],"about":[{"href":"https:\/\/moi-dom.md\/ro\/wp-json\/wp\/v2\/types\/product"}],"version-history":[{"count":1,"href":"https:\/\/moi-dom.md\/ro\/wp-json\/wp\/v2\/product\/4857\/revisions"}],"predecessor-version":[{"id":9070,"href":"https:\/\/moi-dom.md\/ro\/wp-json\/wp\/v2\/product\/4857\/revisions\/9070"}],"wp:featuredmedia":[{"embeddable":true,"href":"https:\/\/moi-dom.md\/ro\/wp-json\/wp\/v2\/media\/4708"}],"wp:attachment":[{"href":"https:\/\/moi-dom.md\/ro\/wp-json\/wp\/v2\/media?parent=4857"}],"wp:term":[{"taxonomy":"product_brand","embeddable":true,"href":"https:\/\/moi-dom.md\/ro\/wp-json\/wp\/v2\/product_brand?post=4857"},{"taxonomy":"product_cat","embeddable":true,"href":"https:\/\/moi-dom.md\/ro\/wp-json\/wp\/v2\/product_cat?post=4857"},{"taxonomy":"product_tag","embeddable":true,"href":"https:\/\/moi-dom.md\/ro\/wp-json\/wp\/v2\/product_tag?post=4857"}],"curies":[{"name":"wp","href":"https:\/\/api.w.org\/{rel}","templated":true}]}}