{"id":4843,"date":"2025-10-30T17:48:28","date_gmt":"2025-10-30T17:48:28","guid":{"rendered":"https:\/\/moi-dom.md\/product\/cos-de-gunoi-suspendat\/"},"modified":"2026-02-05T11:38:56","modified_gmt":"2026-02-05T08:38:56","slug":"cos-de-gunoi-suspendat","status":"publish","type":"product","link":"https:\/\/moi-dom.md\/ro\/produs\/cos-de-gunoi-suspendat\/","title":{"rendered":"Co\u0219 de gunoi suspendat"},"content":{"rendered":"<p>Co\u0219ul de gunoi suspendat este un accesoriu practic \u0219i compact pentru men\u021binerea cur\u0103\u021beniei \u00een cas\u0103. Se fixeaz\u0103 u\u0219or pe u\u0219ile dulapurilor, sertarelor sau pe orice alt\u0103 suprafa\u021b\u0103 potrivit\u0103, economisind spa\u021biu \u0219i oferind acces u\u0219or atunci c\u00e2nd g\u0103ti\u021bi sau face\u021bi cur\u0103\u021benie.<br \/>\nFabricat din plastic durabil, rezistent la umiditate \u0219i murd\u0103rie. U\u0219or de cur\u0103\u021bat \u0219i nu absoarbe mirosurile.<br \/>\nIdeal pentru \u00eenc\u0103peri mici, buc\u0103t\u0103rii, b\u0103i sau zone de lucru.<\/p>\n","protected":false},"excerpt":{"rendered":"<p>Co\u0219ul compact de gunoi suspendat este o solu\u021bie la \u00eendem\u00e2n\u0103 pentru buc\u0103t\u0103rie, baie sau birou.<\/p>\n","protected":false},"featured_media":4855,"template":"","meta":[],"product_brand":[],"product_cat":[121],"product_tag":[],"class_list":{"0":"post-4843","1":"product","2":"type-product","3":"status-publish","4":"has-post-thumbnail","6":"product_cat-cosuri-de-gunoi","7":"pa_manufacturer-turcia","8":"pa_material-pp-polipropilena","9":"pa_size-279x167x211-cm","11":"first","12":"instock","13":"shipping-taxable","14":"purchasable","15":"product-type-simple"},"_links":{"self":[{"href":"https:\/\/moi-dom.md\/ro\/wp-json\/wp\/v2\/product\/4843","targetHints":{"allow":["GET"]}}],"collection":[{"href":"https:\/\/moi-dom.md\/ro\/wp-json\/wp\/v2\/product"}],"about":[{"href":"https:\/\/moi-dom.md\/ro\/wp-json\/wp\/v2\/types\/product"}],"version-history":[{"count":2,"href":"https:\/\/moi-dom.md\/ro\/wp-json\/wp\/v2\/product\/4843\/revisions"}],"predecessor-version":[{"id":8972,"href":"https:\/\/moi-dom.md\/ro\/wp-json\/wp\/v2\/product\/4843\/revisions\/8972"}],"wp:featuredmedia":[{"embeddable":true,"href":"https:\/\/moi-dom.md\/ro\/wp-json\/wp\/v2\/media\/4855"}],"wp:attachment":[{"href":"https:\/\/moi-dom.md\/ro\/wp-json\/wp\/v2\/media?parent=4843"}],"wp:term":[{"taxonomy":"product_brand","embeddable":true,"href":"https:\/\/moi-dom.md\/ro\/wp-json\/wp\/v2\/product_brand?post=4843"},{"taxonomy":"product_cat","embeddable":true,"href":"https:\/\/moi-dom.md\/ro\/wp-json\/wp\/v2\/product_cat?post=4843"},{"taxonomy":"product_tag","embeddable":true,"href":"https:\/\/moi-dom.md\/ro\/wp-json\/wp\/v2\/product_tag?post=4843"}],"curies":[{"name":"wp","href":"https:\/\/api.w.org\/{rel}","templated":true}]}}