{"id":4834,"date":"2025-10-31T19:39:43","date_gmt":"2025-10-31T19:39:43","guid":{"rendered":"https:\/\/moi-dom.md\/product\/cos-pentru-rufe-45-l-2\/"},"modified":"2026-02-05T14:59:08","modified_gmt":"2026-02-05T11:59:08","slug":"cos-pentru-rufe-45-l-2","status":"publish","type":"product","link":"https:\/\/moi-dom.md\/ro\/produs\/cos-pentru-rufe-45-l-2\/","title":{"rendered":"Co\u0219 pentru rufe (45 l)"},"content":{"rendered":"<p>\u041a\u043e\u0440\u0437\u0438\u043d\u0430 \u0434\u043b\u044f \u0431\u0435\u043b\u044c\u044f \u0432\u044b\u043f\u043e\u043b\u043d\u0435\u043d\u0430 \u0438\u0437 \u043f\u0440\u043e\u0447\u043d\u043e\u0433\u043e \u0438 \u043b\u0451\u0433\u043a\u043e\u0433\u043e \u043f\u043b\u0430\u0441\u0442\u0438\u043a\u0430, \u0443\u0441\u0442\u043e\u0439\u0447\u0438\u0432\u043e\u0433\u043e \u043a \u0432\u043b\u0430\u0433\u0435 \u0438 \u043f\u0435\u0440\u0435\u043f\u0430\u0434\u0430\u043c \u0442\u0435\u043c\u043f\u0435\u0440\u0430\u0442\u0443\u0440\u044b. \u0423\u0434\u043e\u0431\u043d\u0430\u044f \u043a\u0440\u044b\u0448\u043a\u0430 \u0441\u043a\u0440\u044b\u0432\u0430\u0435\u0442 \u0441\u043e\u0434\u0435\u0440\u0436\u0438\u043c\u043e\u0435 \u0438 \u0441\u043e\u0445\u0440\u0430\u043d\u044f\u0435\u0442 \u043f\u043e\u0440\u044f\u0434\u043e\u043a, \u0430 \u0431\u043e\u043a\u043e\u0432\u044b\u0435 \u0440\u0443\u0447\u043a\u0438 \u043e\u0431\u0435\u0441\u043f\u0435\u0447\u0438\u0432\u0430\u044e\u0442 \u043b\u0451\u0433\u043a\u043e\u0435 \u043f\u0435\u0440\u0435\u043c\u0435\u0449\u0435\u043d\u0438\u0435. <\/p>\n","protected":false},"excerpt":{"rendered":"<p>Co\u0219 pentru rufe elegant \u0219i practic cu capac &#8211; ideal pentru a p\u0103stra lucrurile bine organizate \u00een baie sau \u00een sp\u0103l\u0103torie.<\/p>\n","protected":false},"featured_media":4703,"template":"","meta":[],"product_brand":[],"product_cat":[15],"product_tag":[],"class_list":{"0":"post-4834","1":"product","2":"type-product","3":"status-publish","4":"has-post-thumbnail","6":"product_cat-predmety-dlea-vannoi-i-sanuzla","7":"pa_color-white","8":"pa_color-brown","9":"pa_manufacturer-senyayla-plastik","10":"pa_material-pp-","11":"pa_size-41x35x49-","12":"pa_volume-45--2","14":"first","15":"instock","16":"shipping-taxable","17":"purchasable","18":"product-type-variable"},"_links":{"self":[{"href":"https:\/\/moi-dom.md\/ro\/wp-json\/wp\/v2\/product\/4834","targetHints":{"allow":["GET"]}}],"collection":[{"href":"https:\/\/moi-dom.md\/ro\/wp-json\/wp\/v2\/product"}],"about":[{"href":"https:\/\/moi-dom.md\/ro\/wp-json\/wp\/v2\/types\/product"}],"version-history":[{"count":1,"href":"https:\/\/moi-dom.md\/ro\/wp-json\/wp\/v2\/product\/4834\/revisions"}],"predecessor-version":[{"id":9073,"href":"https:\/\/moi-dom.md\/ro\/wp-json\/wp\/v2\/product\/4834\/revisions\/9073"}],"wp:featuredmedia":[{"embeddable":true,"href":"https:\/\/moi-dom.md\/ro\/wp-json\/wp\/v2\/media\/4703"}],"wp:attachment":[{"href":"https:\/\/moi-dom.md\/ro\/wp-json\/wp\/v2\/media?parent=4834"}],"wp:term":[{"taxonomy":"product_brand","embeddable":true,"href":"https:\/\/moi-dom.md\/ro\/wp-json\/wp\/v2\/product_brand?post=4834"},{"taxonomy":"product_cat","embeddable":true,"href":"https:\/\/moi-dom.md\/ro\/wp-json\/wp\/v2\/product_cat?post=4834"},{"taxonomy":"product_tag","embeddable":true,"href":"https:\/\/moi-dom.md\/ro\/wp-json\/wp\/v2\/product_tag?post=4834"}],"curies":[{"name":"wp","href":"https:\/\/api.w.org\/{rel}","templated":true}]}}