{"id":4818,"date":"2025-10-31T19:39:43","date_gmt":"2025-10-31T19:39:43","guid":{"rendered":"https:\/\/moi-dom.md\/product\/cos-pentru-rufe-52-l\/"},"modified":"2026-02-05T15:00:08","modified_gmt":"2026-02-05T12:00:08","slug":"cos-pentru-rufe-52-l","status":"publish","type":"product","link":"https:\/\/moi-dom.md\/ro\/produs\/cos-pentru-rufe-52-l\/","title":{"rendered":"Co\u0219 pentru rufe (52 l)"},"content":{"rendered":"<p>Co\u0219ul pentru rufe este fabricat din plastic durabil \u0219i u\u0219or, rezistent la umiditate \u0219i fluctua\u021bii de temperatur\u0103. Capacul practic ascunde con\u021binutul \u0219i \u00eel men\u021bine ordonat, \u00een timp ce m\u00e2nerele laterale asigur\u0103 un transport u\u0219or. Designul modern cu textur\u0103 vertical\u0103 se va potrivi oric\u0103rui interior de baie sau dressing.  <\/p>\n","protected":false},"excerpt":{"rendered":"<p>Co\u0219 pentru rufe elegant \u0219i practic cu capac &#8211; ideal pentru a p\u0103stra lucrurile bine organizate \u00een baie sau \u00een sp\u0103l\u0103torie.<\/p>\n","protected":false},"featured_media":4701,"template":"","meta":[],"product_brand":[],"product_cat":[15],"product_tag":[],"class_list":{"0":"post-4818","1":"product","2":"type-product","3":"status-publish","4":"has-post-thumbnail","6":"product_cat-predmety-dlea-vannoi-i-sanuzla","7":"pa_color-white","8":"pa_color-grey","9":"pa_manufacturer-senyayla-plastik","10":"pa_material-pp-","11":"pa_size-36x40x60-","12":"pa_volume-52-","14":"first","15":"instock","16":"shipping-taxable","17":"purchasable","18":"product-type-variable"},"_links":{"self":[{"href":"https:\/\/moi-dom.md\/ro\/wp-json\/wp\/v2\/product\/4818","targetHints":{"allow":["GET"]}}],"collection":[{"href":"https:\/\/moi-dom.md\/ro\/wp-json\/wp\/v2\/product"}],"about":[{"href":"https:\/\/moi-dom.md\/ro\/wp-json\/wp\/v2\/types\/product"}],"version-history":[{"count":2,"href":"https:\/\/moi-dom.md\/ro\/wp-json\/wp\/v2\/product\/4818\/revisions"}],"predecessor-version":[{"id":9074,"href":"https:\/\/moi-dom.md\/ro\/wp-json\/wp\/v2\/product\/4818\/revisions\/9074"}],"wp:featuredmedia":[{"embeddable":true,"href":"https:\/\/moi-dom.md\/ro\/wp-json\/wp\/v2\/media\/4701"}],"wp:attachment":[{"href":"https:\/\/moi-dom.md\/ro\/wp-json\/wp\/v2\/media?parent=4818"}],"wp:term":[{"taxonomy":"product_brand","embeddable":true,"href":"https:\/\/moi-dom.md\/ro\/wp-json\/wp\/v2\/product_brand?post=4818"},{"taxonomy":"product_cat","embeddable":true,"href":"https:\/\/moi-dom.md\/ro\/wp-json\/wp\/v2\/product_cat?post=4818"},{"taxonomy":"product_tag","embeddable":true,"href":"https:\/\/moi-dom.md\/ro\/wp-json\/wp\/v2\/product_tag?post=4818"}],"curies":[{"name":"wp","href":"https:\/\/api.w.org\/{rel}","templated":true}]}}