{"id":4810,"date":"2025-10-31T19:39:44","date_gmt":"2025-10-31T19:39:44","guid":{"rendered":"https:\/\/moi-dom.md\/product\/cos-pentru-rufe-60-l\/"},"modified":"2026-02-05T14:52:47","modified_gmt":"2026-02-05T11:52:47","slug":"cos-pentru-rufe-60-l","status":"publish","type":"product","link":"https:\/\/moi-dom.md\/ro\/produs\/cos-pentru-rufe-60-l\/","title":{"rendered":"Co\u0219 pentru rufe (60 l)"},"content":{"rendered":"<p>Co\u0219ul este fabricat din plastic rezistent, cu textur\u0103 imita\u021bie de rattan, ceea ce \u00eei confer\u0103 un aspect estetic \u0219i asigur\u0103 circula\u021bia aerului.<br \/>\nDatorit\u0103 formei sale dreptunghiulare, co\u0219ul poate fi amplasat convenabil de-a lungul peretelui sau \u00een col\u021bul b\u0103ii. Capacul ascunde \u00een siguran\u021b\u0103 con\u021binutul, men\u021bin\u00e2nd spa\u021biul ordonat. <\/p>\n","protected":false},"excerpt":{"rendered":"<p>Co\u0219 pentru rufe elegant \u0219i practic cu capac &#8211; ideal pentru a p\u0103stra lucrurile bine organizate \u00een baie sau \u00een sp\u0103l\u0103torie.<\/p>\n","protected":false},"featured_media":4686,"template":"","meta":[],"product_brand":[],"product_cat":[15],"product_tag":[],"class_list":{"0":"post-4810","1":"product","2":"type-product","3":"status-publish","4":"has-post-thumbnail","6":"product_cat-predmety-dlea-vannoi-i-sanuzla","7":"pa_color-white","8":"pa_color-beige","9":"pa_color-grey","10":"pa_manufacturer-senyayla-plastik","11":"pa_material-pp-","12":"pa_size-64x332x452-","13":"pa_volume-60-","15":"first","16":"instock","17":"shipping-taxable","18":"purchasable","19":"product-type-variable"},"_links":{"self":[{"href":"https:\/\/moi-dom.md\/ro\/wp-json\/wp\/v2\/product\/4810","targetHints":{"allow":["GET"]}}],"collection":[{"href":"https:\/\/moi-dom.md\/ro\/wp-json\/wp\/v2\/product"}],"about":[{"href":"https:\/\/moi-dom.md\/ro\/wp-json\/wp\/v2\/types\/product"}],"version-history":[{"count":2,"href":"https:\/\/moi-dom.md\/ro\/wp-json\/wp\/v2\/product\/4810\/revisions"}],"predecessor-version":[{"id":9062,"href":"https:\/\/moi-dom.md\/ro\/wp-json\/wp\/v2\/product\/4810\/revisions\/9062"}],"wp:featuredmedia":[{"embeddable":true,"href":"https:\/\/moi-dom.md\/ro\/wp-json\/wp\/v2\/media\/4686"}],"wp:attachment":[{"href":"https:\/\/moi-dom.md\/ro\/wp-json\/wp\/v2\/media?parent=4810"}],"wp:term":[{"taxonomy":"product_brand","embeddable":true,"href":"https:\/\/moi-dom.md\/ro\/wp-json\/wp\/v2\/product_brand?post=4810"},{"taxonomy":"product_cat","embeddable":true,"href":"https:\/\/moi-dom.md\/ro\/wp-json\/wp\/v2\/product_cat?post=4810"},{"taxonomy":"product_tag","embeddable":true,"href":"https:\/\/moi-dom.md\/ro\/wp-json\/wp\/v2\/product_tag?post=4810"}],"curies":[{"name":"wp","href":"https:\/\/api.w.org\/{rel}","templated":true}]}}