{"id":4803,"date":"2025-10-31T19:39:44","date_gmt":"2025-10-31T19:39:44","guid":{"rendered":"https:\/\/moi-dom.md\/product\/cos-pentru-rufe-35l\/"},"modified":"2026-02-05T14:51:17","modified_gmt":"2026-02-05T11:51:17","slug":"cos-pentru-rufe-35l","status":"publish","type":"product","link":"https:\/\/moi-dom.md\/ro\/produs\/cos-pentru-rufe-35l\/","title":{"rendered":"Co\u0219 pentru rufe (35 l)"},"content":{"rendered":"<p>\u041a\u043e\u0440\u0437\u0438\u043d\u0430 \u0432\u044b\u043f\u043e\u043b\u043d\u0435\u043d\u0430 \u0438\u0437 \u043f\u0440\u043e\u0447\u043d\u043e\u0433\u043e \u043f\u043b\u0430\u0441\u0442\u0438\u043a\u0430 \u0441 \u0442\u0435\u043a\u0441\u0442\u0443\u0440\u043e\u0439 \u043f\u043e\u0434 \u0440\u043e\u0442\u0430\u043d\u0433, \u0447\u0442\u043e \u043f\u0440\u0438\u0434\u0430\u0451\u0442 \u044d\u0441\u0442\u0435\u0442\u0438\u0447\u043d\u044b\u0439 \u0432\u0438\u0434 \u0438 \u043e\u0431\u0435\u0441\u043f\u0435\u0447\u0438\u0432\u0430\u0435\u0442 \u0446\u0438\u0440\u043a\u0443\u043b\u044f\u0446\u0438\u044e \u0432\u043e\u0437\u0434\u0443\u0445\u0430.<br \/>\nDatorit\u0103 formei sale dreptunghiulare, co\u0219ul poate fi amplasat convenabil de-a lungul peretelui sau \u00een col\u021bul b\u0103ii. Capacul ascunde \u00een siguran\u021b\u0103 con\u021binutul, men\u021bin\u00e2nd spa\u021biul ordonat. <\/p>\n","protected":false},"excerpt":{"rendered":"<p>Co\u0219 pentru rufe elegant \u0219i practic cu capac &#8211; ideal pentru a p\u0103stra lucrurile bine organizate \u00een baie sau \u00een sp\u0103l\u0103torie.<\/p>\n","protected":false},"featured_media":4689,"template":"","meta":[],"product_brand":[],"product_cat":[123],"product_tag":[],"class_list":{"0":"post-4803","1":"product","2":"type-product","3":"status-publish","4":"has-post-thumbnail","6":"product_cat-articole-pentru-baie-si-toaleta","7":"pa_color-white","8":"pa_color-beige","9":"pa_color-brown","10":"pa_color-grey","11":"pa_manufacturer-turcia","12":"pa_material-pp-polipropilena","13":"pa_size-497x34x436-cm","14":"pa_volume-35-l","16":"first","17":"instock","18":"shipping-taxable","19":"purchasable","20":"product-type-variable"},"_links":{"self":[{"href":"https:\/\/moi-dom.md\/ro\/wp-json\/wp\/v2\/product\/4803","targetHints":{"allow":["GET"]}}],"collection":[{"href":"https:\/\/moi-dom.md\/ro\/wp-json\/wp\/v2\/product"}],"about":[{"href":"https:\/\/moi-dom.md\/ro\/wp-json\/wp\/v2\/types\/product"}],"version-history":[{"count":2,"href":"https:\/\/moi-dom.md\/ro\/wp-json\/wp\/v2\/product\/4803\/revisions"}],"predecessor-version":[{"id":9059,"href":"https:\/\/moi-dom.md\/ro\/wp-json\/wp\/v2\/product\/4803\/revisions\/9059"}],"wp:featuredmedia":[{"embeddable":true,"href":"https:\/\/moi-dom.md\/ro\/wp-json\/wp\/v2\/media\/4689"}],"wp:attachment":[{"href":"https:\/\/moi-dom.md\/ro\/wp-json\/wp\/v2\/media?parent=4803"}],"wp:term":[{"taxonomy":"product_brand","embeddable":true,"href":"https:\/\/moi-dom.md\/ro\/wp-json\/wp\/v2\/product_brand?post=4803"},{"taxonomy":"product_cat","embeddable":true,"href":"https:\/\/moi-dom.md\/ro\/wp-json\/wp\/v2\/product_cat?post=4803"},{"taxonomy":"product_tag","embeddable":true,"href":"https:\/\/moi-dom.md\/ro\/wp-json\/wp\/v2\/product_tag?post=4803"}],"curies":[{"name":"wp","href":"https:\/\/api.w.org\/{rel}","templated":true}]}}