{"id":4796,"date":"2025-10-31T19:39:44","date_gmt":"2025-10-31T19:39:44","guid":{"rendered":"https:\/\/moi-dom.md\/product\/scaun-de-toaleta-din-plastic-4\/"},"modified":"2026-02-05T14:56:54","modified_gmt":"2026-02-05T11:56:54","slug":"scaun-de-toaleta-din-plastic-4","status":"publish","type":"product","link":"https:\/\/moi-dom.md\/ro\/produs\/scaun-de-toaleta-din-plastic-4\/","title":{"rendered":"Scaun de toalet\u0103 din plastic"},"content":{"rendered":"<p>Capacul de toalet\u0103 fabricat din plastic de calitate combin\u0103 caracterul practic \u0219i designul modern. Forma ergonomic\u0103 asigur\u0103 o utilizare confortabil\u0103, \u00een timp ce suprafa\u021ba neted\u0103 este u\u0219or de cur\u0103\u021bat \u0219i rezistent\u0103 la umiditate \u0219i substan\u021be chimice de uz casnic. <\/p>\n","protected":false},"excerpt":{"rendered":"<p>Scaunul de toalet\u0103 din plastic este o solu\u021bie u\u0219oar\u0103, durabil\u0103 \u0219i confortabil\u0103 pentru baia dvs.<\/p>\n","protected":false},"featured_media":4690,"template":"","meta":[],"product_brand":[],"product_cat":[15],"product_tag":[],"class_list":{"0":"post-4796","1":"product","2":"type-product","3":"status-publish","4":"has-post-thumbnail","6":"product_cat-predmety-dlea-vannoi-i-sanuzla","7":"pa_manufacturer-senyayla-plastik","8":"pa_material-pp-","9":"pa_size-443x366-","11":"first","12":"instock","13":"shipping-taxable","14":"purchasable","15":"product-type-simple"},"_links":{"self":[{"href":"https:\/\/moi-dom.md\/ro\/wp-json\/wp\/v2\/product\/4796","targetHints":{"allow":["GET"]}}],"collection":[{"href":"https:\/\/moi-dom.md\/ro\/wp-json\/wp\/v2\/product"}],"about":[{"href":"https:\/\/moi-dom.md\/ro\/wp-json\/wp\/v2\/types\/product"}],"version-history":[{"count":1,"href":"https:\/\/moi-dom.md\/ro\/wp-json\/wp\/v2\/product\/4796\/revisions"}],"predecessor-version":[{"id":9069,"href":"https:\/\/moi-dom.md\/ro\/wp-json\/wp\/v2\/product\/4796\/revisions\/9069"}],"wp:featuredmedia":[{"embeddable":true,"href":"https:\/\/moi-dom.md\/ro\/wp-json\/wp\/v2\/media\/4690"}],"wp:attachment":[{"href":"https:\/\/moi-dom.md\/ro\/wp-json\/wp\/v2\/media?parent=4796"}],"wp:term":[{"taxonomy":"product_brand","embeddable":true,"href":"https:\/\/moi-dom.md\/ro\/wp-json\/wp\/v2\/product_brand?post=4796"},{"taxonomy":"product_cat","embeddable":true,"href":"https:\/\/moi-dom.md\/ro\/wp-json\/wp\/v2\/product_cat?post=4796"},{"taxonomy":"product_tag","embeddable":true,"href":"https:\/\/moi-dom.md\/ro\/wp-json\/wp\/v2\/product_tag?post=4796"}],"curies":[{"name":"wp","href":"https:\/\/api.w.org\/{rel}","templated":true}]}}