{"id":4769,"date":"2025-10-31T19:39:44","date_gmt":"2025-10-31T19:39:44","guid":{"rendered":"https:\/\/moi-dom.md\/product\/cos-pentru-rufe-fara-capac\/"},"modified":"2026-02-05T14:55:11","modified_gmt":"2026-02-05T11:55:11","slug":"cos-pentru-rufe-fara-capac","status":"publish","type":"product","link":"https:\/\/moi-dom.md\/ro\/produs\/cos-pentru-rufe-fara-capac\/","title":{"rendered":"Co\u0219 pentru rufe f\u0103r\u0103 capac"},"content":{"rendered":"<p>Co\u0219ul pentru rufe cu efect de textur\u0103 tricotat\u0103 este ideal pentru baie, sp\u0103l\u0103torie sau dressing.<\/p>\n","protected":false},"excerpt":{"rendered":"<p>Un Co\u0219 pentru rufe f\u0103r\u0103 capac este o solu\u021bie u\u0219oar\u0103 \u0219i convenabil\u0103 pentru depozitarea \u0219i transportul rufelor.<\/p>\n","protected":false},"featured_media":4683,"template":"","meta":[],"product_brand":[],"product_cat":[15],"product_tag":[],"class_list":{"0":"post-4769","1":"product","2":"type-product","3":"status-publish","4":"has-post-thumbnail","6":"product_cat-predmety-dlea-vannoi-i-sanuzla","7":"pa_color-beige","8":"pa_color-brown","9":"pa_manufacturer-senyayla-plastik","10":"pa_material-pp-","11":"pa_size-49x35x255-","13":"first","14":"instock","15":"shipping-taxable","16":"purchasable","17":"product-type-variable"},"_links":{"self":[{"href":"https:\/\/moi-dom.md\/ro\/wp-json\/wp\/v2\/product\/4769","targetHints":{"allow":["GET"]}}],"collection":[{"href":"https:\/\/moi-dom.md\/ro\/wp-json\/wp\/v2\/product"}],"about":[{"href":"https:\/\/moi-dom.md\/ro\/wp-json\/wp\/v2\/types\/product"}],"version-history":[{"count":2,"href":"https:\/\/moi-dom.md\/ro\/wp-json\/wp\/v2\/product\/4769\/revisions"}],"predecessor-version":[{"id":9065,"href":"https:\/\/moi-dom.md\/ro\/wp-json\/wp\/v2\/product\/4769\/revisions\/9065"}],"wp:featuredmedia":[{"embeddable":true,"href":"https:\/\/moi-dom.md\/ro\/wp-json\/wp\/v2\/media\/4683"}],"wp:attachment":[{"href":"https:\/\/moi-dom.md\/ro\/wp-json\/wp\/v2\/media?parent=4769"}],"wp:term":[{"taxonomy":"product_brand","embeddable":true,"href":"https:\/\/moi-dom.md\/ro\/wp-json\/wp\/v2\/product_brand?post=4769"},{"taxonomy":"product_cat","embeddable":true,"href":"https:\/\/moi-dom.md\/ro\/wp-json\/wp\/v2\/product_cat?post=4769"},{"taxonomy":"product_tag","embeddable":true,"href":"https:\/\/moi-dom.md\/ro\/wp-json\/wp\/v2\/product_tag?post=4769"}],"curies":[{"name":"wp","href":"https:\/\/api.w.org\/{rel}","templated":true}]}}