{"id":4765,"date":"2025-10-31T19:39:44","date_gmt":"2025-10-31T19:39:44","guid":{"rendered":"https:\/\/moi-dom.md\/product\/raft-metalic-de-perete-pentru-baie-2\/"},"modified":"2026-02-05T14:48:36","modified_gmt":"2026-02-05T11:48:36","slug":"raft-metalic-de-perete-pentru-baie-2","status":"publish","type":"product","link":"https:\/\/moi-dom.md\/ro\/produs\/raft-metalic-de-perete-pentru-baie-2\/","title":{"rendered":"Raft metalic de perete pentru baie"},"content":{"rendered":"<p>Raftul de perete cu trei niveluri este fabricat dintr-un cadru metalic robust, rezistent la umiditate \u0219i coroziune. Este ideal pentru baie, buc\u0103t\u0103rie sau camer\u0103 de serviciu.  Datorit\u0103 designului s\u0103u inteligent, acesta ofer\u0103 un spa\u021biu de depozitare convenabil pentru \u0219ampoane, geluri, creme \u0219i alte produse, pentru a ajuta la p\u0103strarea ordinii \u0219i a economisi spa\u021biu.<\/p>\n","protected":false},"excerpt":{"rendered":"<p>Raftul metalic de perete pentru baie montat pe perete este o solu\u021bie convenabil\u0103 \u0219i practic\u0103 pentru depozitarea accesoriilor \u0219i a cosmeticelor.<\/p>\n","protected":false},"featured_media":5937,"template":"","meta":[],"product_brand":[],"product_cat":[15],"product_tag":[],"class_list":{"0":"post-4765","1":"product","2":"type-product","3":"status-publish","4":"has-post-thumbnail","6":"product_cat-predmety-dlea-vannoi-i-sanuzla","7":"pa_manufacturer-senyayla-plastik","8":"pa_material-561","9":"pa_size-55x27x11-","11":"first","12":"instock","13":"shipping-taxable","14":"purchasable","15":"product-type-simple"},"_links":{"self":[{"href":"https:\/\/moi-dom.md\/ro\/wp-json\/wp\/v2\/product\/4765","targetHints":{"allow":["GET"]}}],"collection":[{"href":"https:\/\/moi-dom.md\/ro\/wp-json\/wp\/v2\/product"}],"about":[{"href":"https:\/\/moi-dom.md\/ro\/wp-json\/wp\/v2\/types\/product"}],"version-history":[{"count":2,"href":"https:\/\/moi-dom.md\/ro\/wp-json\/wp\/v2\/product\/4765\/revisions"}],"predecessor-version":[{"id":9055,"href":"https:\/\/moi-dom.md\/ro\/wp-json\/wp\/v2\/product\/4765\/revisions\/9055"}],"wp:featuredmedia":[{"embeddable":true,"href":"https:\/\/moi-dom.md\/ro\/wp-json\/wp\/v2\/media\/5937"}],"wp:attachment":[{"href":"https:\/\/moi-dom.md\/ro\/wp-json\/wp\/v2\/media?parent=4765"}],"wp:term":[{"taxonomy":"product_brand","embeddable":true,"href":"https:\/\/moi-dom.md\/ro\/wp-json\/wp\/v2\/product_brand?post=4765"},{"taxonomy":"product_cat","embeddable":true,"href":"https:\/\/moi-dom.md\/ro\/wp-json\/wp\/v2\/product_cat?post=4765"},{"taxonomy":"product_tag","embeddable":true,"href":"https:\/\/moi-dom.md\/ro\/wp-json\/wp\/v2\/product_tag?post=4765"}],"curies":[{"name":"wp","href":"https:\/\/api.w.org\/{rel}","templated":true}]}}