{"id":4759,"date":"2025-10-31T19:39:44","date_gmt":"2025-10-31T19:39:44","guid":{"rendered":"https:\/\/moi-dom.md\/product\/raft-coltar-metalic-pentru-baie-3\/"},"modified":"2026-02-05T14:58:24","modified_gmt":"2026-02-05T11:58:24","slug":"raft-coltar-metalic-pentru-baie-3","status":"publish","type":"product","link":"https:\/\/moi-dom.md\/ro\/produs\/raft-coltar-metalic-pentru-baie-3\/","title":{"rendered":"Raft col\u021bar metalic pentru baie"},"content":{"rendered":"<p>Raftul col\u021bar metalic cu trei niveluri pentru baie este fabricat dintr-un cadru metalic robust \u0219i este rezistent la umiditate \u0219i coroziune, fiind ideal pentru utilizare \u00een baie sau buc\u0103t\u0103rie. Datorit\u0103 designului s\u0103u de col\u021b, economise\u0219te spa\u021biu prin plasarea convenabil\u0103 a \u0219ampoanelor, gelurilor, s\u0103punurilor \u0219i a altor consumabile.<\/p>\n","protected":false},"excerpt":{"rendered":"<p>Raftul col\u021bar metalic pentru baie este o solu\u021bie practic\u0103 \u0219i elegant\u0103 pentru depozitarea accesoriilor \u0219i a produselor de igien\u0103.<\/p>\n","protected":false},"featured_media":6051,"template":"","meta":[],"product_brand":[],"product_cat":[123],"product_tag":[],"class_list":{"0":"post-4759","1":"product","2":"type-product","3":"status-publish","4":"has-post-thumbnail","6":"product_cat-articole-pentru-baie-si-toaleta","7":"pa_color-chrome","8":"pa_manufacturer-turcia","9":"pa_material-metal","10":"pa_size-28x55x21-cm","12":"first","13":"instock","14":"shipping-taxable","15":"purchasable","16":"product-type-variable"},"_links":{"self":[{"href":"https:\/\/moi-dom.md\/ro\/wp-json\/wp\/v2\/product\/4759","targetHints":{"allow":["GET"]}}],"collection":[{"href":"https:\/\/moi-dom.md\/ro\/wp-json\/wp\/v2\/product"}],"about":[{"href":"https:\/\/moi-dom.md\/ro\/wp-json\/wp\/v2\/types\/product"}],"version-history":[{"count":2,"href":"https:\/\/moi-dom.md\/ro\/wp-json\/wp\/v2\/product\/4759\/revisions"}],"predecessor-version":[{"id":9072,"href":"https:\/\/moi-dom.md\/ro\/wp-json\/wp\/v2\/product\/4759\/revisions\/9072"}],"wp:featuredmedia":[{"embeddable":true,"href":"https:\/\/moi-dom.md\/ro\/wp-json\/wp\/v2\/media\/6051"}],"wp:attachment":[{"href":"https:\/\/moi-dom.md\/ro\/wp-json\/wp\/v2\/media?parent=4759"}],"wp:term":[{"taxonomy":"product_brand","embeddable":true,"href":"https:\/\/moi-dom.md\/ro\/wp-json\/wp\/v2\/product_brand?post=4759"},{"taxonomy":"product_cat","embeddable":true,"href":"https:\/\/moi-dom.md\/ro\/wp-json\/wp\/v2\/product_cat?post=4759"},{"taxonomy":"product_tag","embeddable":true,"href":"https:\/\/moi-dom.md\/ro\/wp-json\/wp\/v2\/product_tag?post=4759"}],"curies":[{"name":"wp","href":"https:\/\/api.w.org\/{rel}","templated":true}]}}