{"id":4757,"date":"2025-10-31T19:39:45","date_gmt":"2025-10-31T19:39:45","guid":{"rendered":"https:\/\/moi-dom.md\/product\/raft-de-baie-din-plastic-cu-trei-niveluri\/"},"modified":"2026-02-05T14:43:20","modified_gmt":"2026-02-05T11:43:20","slug":"raft-de-baie-din-plastic-cu-trei-niveluri","status":"publish","type":"product","link":"https:\/\/moi-dom.md\/ro\/produs\/raft-de-baie-din-plastic-cu-trei-niveluri\/","title":{"rendered":"Raft de baie din plastic cu trei niveluri"},"content":{"rendered":"<p>Raftul de baie cu trei niveluri este fabricat din plastic durabil \u0219i rezistent la umiditate, rezistent la umiditate \u0219i fluctua\u021bii de temperatur\u0103. \u0411\u043b\u0430\u0433\u043e\u0434\u0430\u0440\u044f \u043a\u043e\u043c\u043f\u0430\u043a\u0442\u043d\u043e\u0439 \u043a\u043e\u043d\u0441\u0442\u0440\u0443\u043a\u0446\u0438\u0438 \u0438 \u0443\u0434\u043e\u0431\u043d\u043e\u043c\u0443 \u043f\u043e\u0434\u0432\u0435\u0441\u0443 \u043f\u043e\u043b\u043a\u0430 \u043b\u0435\u0433\u043a\u043e \u0440\u0430\u0437\u043c\u0435\u0449\u0430\u0435\u0442\u0441\u044f \u043d\u0430 \u0441\u0442\u0435\u043d\u0435, \u043d\u0435 \u0437\u0430\u043d\u0438\u043c\u0430\u044f \u043c\u043d\u043e\u0433\u043e \u043c\u0435\u0441\u0442\u0430. Trei sec\u021biuni spa\u021bioase v\u0103 permit s\u0103 organiza\u021bi \u00eengrijit \u0219ampoane, geluri, s\u0103punuri \u0219i alte consumabile. C\u00e2rligele pentru flaneluri \u0219i accesorii sunt prev\u0103zute \u00een partea de jos, f\u0103c\u00e2nd raftul c\u00e2t mai func\u021bional posibil.<\/p>\n","protected":false},"excerpt":{"rendered":"<p>Raftul de baie din plastic cu trei niveluri este o solu\u021bie u\u0219oar\u0103 \u0219i convenabil\u0103 pentru depozitarea produselor de igien\u0103 \u0219i a accesoriilor.<\/p>\n","protected":false},"featured_media":4691,"template":"","meta":[],"product_brand":[],"product_cat":[123],"product_tag":[],"class_list":{"0":"post-4757","1":"product","2":"type-product","3":"status-publish","4":"has-post-thumbnail","6":"product_cat-articole-pentru-baie-si-toaleta","7":"pa_manufacturer-turcia","8":"pa_material-pp-polipropilena","9":"pa_size-12x27x62-cm","11":"first","12":"instock","13":"shipping-taxable","14":"purchasable","15":"product-type-simple"},"_links":{"self":[{"href":"https:\/\/moi-dom.md\/ro\/wp-json\/wp\/v2\/product\/4757","targetHints":{"allow":["GET"]}}],"collection":[{"href":"https:\/\/moi-dom.md\/ro\/wp-json\/wp\/v2\/product"}],"about":[{"href":"https:\/\/moi-dom.md\/ro\/wp-json\/wp\/v2\/types\/product"}],"version-history":[{"count":1,"href":"https:\/\/moi-dom.md\/ro\/wp-json\/wp\/v2\/product\/4757\/revisions"}],"predecessor-version":[{"id":9049,"href":"https:\/\/moi-dom.md\/ro\/wp-json\/wp\/v2\/product\/4757\/revisions\/9049"}],"wp:featuredmedia":[{"embeddable":true,"href":"https:\/\/moi-dom.md\/ro\/wp-json\/wp\/v2\/media\/4691"}],"wp:attachment":[{"href":"https:\/\/moi-dom.md\/ro\/wp-json\/wp\/v2\/media?parent=4757"}],"wp:term":[{"taxonomy":"product_brand","embeddable":true,"href":"https:\/\/moi-dom.md\/ro\/wp-json\/wp\/v2\/product_brand?post=4757"},{"taxonomy":"product_cat","embeddable":true,"href":"https:\/\/moi-dom.md\/ro\/wp-json\/wp\/v2\/product_cat?post=4757"},{"taxonomy":"product_tag","embeddable":true,"href":"https:\/\/moi-dom.md\/ro\/wp-json\/wp\/v2\/product_tag?post=4757"}],"curies":[{"name":"wp","href":"https:\/\/api.w.org\/{rel}","templated":true}]}}