{"id":4669,"date":"2025-10-31T19:39:44","date_gmt":"2025-10-31T19:39:44","guid":{"rendered":"https:\/\/moi-dom.md\/product\/raft-coltar-metalic-pentru-baie\/"},"modified":"2026-02-05T14:51:18","modified_gmt":"2026-02-05T11:51:18","slug":"raft-coltar-metalic-pentru-baie","status":"publish","type":"product","link":"https:\/\/moi-dom.md\/ro\/produs\/raft-coltar-metalic-pentru-baie\/","title":{"rendered":"Raft col\u021bar metalic pentru baie"},"content":{"rendered":"<p>Raftul de col\u021b cu dou\u0103 niveluri este fabricat din metal robust cu un finisaj rezistent la rugin\u0103 pentru durabilitate \u0219i rezisten\u021b\u0103 la umiditate. Designul este ideal pentru plasarea \u00een col\u021bul b\u0103ii, economisind spa\u021biu \u0219i permi\u021b\u00e2ndu-v\u0103 s\u0103 depozita\u021bi cu grij\u0103 \u0219ampoane, geluri \u0219i alte articole.<\/p>\n","protected":false},"excerpt":{"rendered":"<p>Raftul col\u021bar metalic pentru baie este o solu\u021bie compact\u0103 \u0219i practic\u0103 pentru depozitarea produselor de igien\u0103 \u0219i a accesoriilor.<\/p>\n","protected":false},"featured_media":5991,"template":"","meta":[],"product_brand":[],"product_cat":[123],"product_tag":[],"class_list":{"0":"post-4669","1":"product","2":"type-product","3":"status-publish","4":"has-post-thumbnail","6":"product_cat-articole-pentru-baie-si-toaleta","7":"pa_color-chrome","8":"pa_color-black","9":"pa_manufacturer-turcia","10":"pa_material-metal","11":"pa_size-28x34x21-cm","13":"first","14":"instock","15":"shipping-taxable","16":"purchasable","17":"product-type-variable"},"_links":{"self":[{"href":"https:\/\/moi-dom.md\/ro\/wp-json\/wp\/v2\/product\/4669","targetHints":{"allow":["GET"]}}],"collection":[{"href":"https:\/\/moi-dom.md\/ro\/wp-json\/wp\/v2\/product"}],"about":[{"href":"https:\/\/moi-dom.md\/ro\/wp-json\/wp\/v2\/types\/product"}],"version-history":[{"count":2,"href":"https:\/\/moi-dom.md\/ro\/wp-json\/wp\/v2\/product\/4669\/revisions"}],"predecessor-version":[{"id":9060,"href":"https:\/\/moi-dom.md\/ro\/wp-json\/wp\/v2\/product\/4669\/revisions\/9060"}],"wp:featuredmedia":[{"embeddable":true,"href":"https:\/\/moi-dom.md\/ro\/wp-json\/wp\/v2\/media\/5991"}],"wp:attachment":[{"href":"https:\/\/moi-dom.md\/ro\/wp-json\/wp\/v2\/media?parent=4669"}],"wp:term":[{"taxonomy":"product_brand","embeddable":true,"href":"https:\/\/moi-dom.md\/ro\/wp-json\/wp\/v2\/product_brand?post=4669"},{"taxonomy":"product_cat","embeddable":true,"href":"https:\/\/moi-dom.md\/ro\/wp-json\/wp\/v2\/product_cat?post=4669"},{"taxonomy":"product_tag","embeddable":true,"href":"https:\/\/moi-dom.md\/ro\/wp-json\/wp\/v2\/product_tag?post=4669"}],"curies":[{"name":"wp","href":"https:\/\/api.w.org\/{rel}","templated":true}]}}