{"id":4644,"date":"2025-10-31T19:39:45","date_gmt":"2025-10-31T19:39:45","guid":{"rendered":"https:\/\/moi-dom.md\/product\/perie-de-toaleta-cu-suport-3\/"},"modified":"2026-02-05T14:43:19","modified_gmt":"2026-02-05T11:43:19","slug":"perie-de-toaleta-cu-suport-3","status":"publish","type":"product","link":"https:\/\/moi-dom.md\/ro\/produs\/perie-de-toaleta-cu-suport-3\/","title":{"rendered":"Perie de toalet\u0103 cu suport"},"content":{"rendered":"<p>\u0422\u0443\u0430\u043b\u0435\u0442\u043d\u044b\u0439 \u0451\u0440\u0448\u0438\u043a \u0441 \u043f\u043e\u0434\u0441\u0442\u0430\u0432\u043a\u043e\u0439 \u0432\u044b\u043f\u043e\u043b\u043d\u0435\u043d \u0438\u0437 \u043f\u0440\u043e\u0447\u043d\u043e\u0433\u043e \u0438 \u0432\u043b\u0430\u0433\u043e\u0441\u0442\u043e\u0439\u043a\u043e\u0433\u043e \u043f\u043b\u0430\u0441\u0442\u0438\u043a\u0430, \u0441 \u043e\u0440\u0438\u0433\u0438\u043d\u0430\u043b\u044c\u043d\u044b\u043c \u043f\u043b\u0435\u0442\u0451\u043d\u044b\u043c \u0443\u0437\u043e\u0440\u043e\u043c, \u0438\u043c\u0438\u0442\u0438\u0440\u0443\u044e\u0449\u0438\u043c \u0440\u0443\u0447\u043d\u0443\u044e \u0432\u044f\u0437\u043a\u0443.<br \/>\nSetul include un recipient practic pentru depozitarea periei, care \u00eempiedic\u0103 umezeala s\u0103 ajung\u0103 pe podea \u0219i asigur\u0103 o utilizare igienic\u0103.<\/p>\n","protected":false},"excerpt":{"rendered":"<p>Perie de toalet\u0103 elegant\u0103 cu design decorativ din r\u0103chit\u0103 &#8211; un accesoriu de baie practic \u0219i estetic.<\/p>\n","protected":false},"featured_media":4649,"template":"","meta":[],"product_brand":[],"product_cat":[15],"product_tag":[],"class_list":{"0":"post-4644","1":"product","2":"type-product","3":"status-publish","4":"has-post-thumbnail","6":"product_cat-predmety-dlea-vannoi-i-sanuzla","7":"pa_color-white","8":"pa_color-beige","9":"pa_color-brown","10":"pa_color-dark_grey","11":"pa_manufacturer-senyayla-plastik","12":"pa_material-pp-","13":"pa_size-o38x14-","15":"first","16":"instock","17":"shipping-taxable","18":"purchasable","19":"product-type-variable"},"_links":{"self":[{"href":"https:\/\/moi-dom.md\/ro\/wp-json\/wp\/v2\/product\/4644","targetHints":{"allow":["GET"]}}],"collection":[{"href":"https:\/\/moi-dom.md\/ro\/wp-json\/wp\/v2\/product"}],"about":[{"href":"https:\/\/moi-dom.md\/ro\/wp-json\/wp\/v2\/types\/product"}],"version-history":[{"count":2,"href":"https:\/\/moi-dom.md\/ro\/wp-json\/wp\/v2\/product\/4644\/revisions"}],"predecessor-version":[{"id":9047,"href":"https:\/\/moi-dom.md\/ro\/wp-json\/wp\/v2\/product\/4644\/revisions\/9047"}],"wp:featuredmedia":[{"embeddable":true,"href":"https:\/\/moi-dom.md\/ro\/wp-json\/wp\/v2\/media\/4649"}],"wp:attachment":[{"href":"https:\/\/moi-dom.md\/ro\/wp-json\/wp\/v2\/media?parent=4644"}],"wp:term":[{"taxonomy":"product_brand","embeddable":true,"href":"https:\/\/moi-dom.md\/ro\/wp-json\/wp\/v2\/product_brand?post=4644"},{"taxonomy":"product_cat","embeddable":true,"href":"https:\/\/moi-dom.md\/ro\/wp-json\/wp\/v2\/product_cat?post=4644"},{"taxonomy":"product_tag","embeddable":true,"href":"https:\/\/moi-dom.md\/ro\/wp-json\/wp\/v2\/product_tag?post=4644"}],"curies":[{"name":"wp","href":"https:\/\/api.w.org\/{rel}","templated":true}]}}