{"id":4636,"date":"2025-10-31T19:39:45","date_gmt":"2025-10-31T19:39:45","guid":{"rendered":"https:\/\/moi-dom.md\/product\/perie-de-toaleta-cu-suport-2\/"},"modified":"2026-02-05T14:44:23","modified_gmt":"2026-02-05T11:44:23","slug":"perie-de-toaleta-cu-suport-2","status":"publish","type":"product","link":"https:\/\/moi-dom.md\/ro\/produs\/perie-de-toaleta-cu-suport-2\/","title":{"rendered":"Perie de toalet\u0103 cu suport"},"content":{"rendered":"<p>Peria de toalet\u0103 este fabricat\u0103 din plastic rezistent, impermeabil \u0219i rezistent la detergen\u021bi. Datorit\u0103 designului simplu \u0219i culorii neutre, se potrive\u0219te cu u\u0219urin\u021b\u0103 \u00een orice interior de baie sau toalet\u0103.  Suportul \u00eenchis protejeaz\u0103 podeaua de umiditate \u0219i asigur\u0103 depozitarea igienic\u0103 a accesoriului.<\/p>\n","protected":false},"excerpt":{"rendered":"<p>Peria de toalet\u0103 compact\u0103 cu suport este o solu\u021bie simpl\u0103 \u0219i practic\u0103 pentru a v\u0103 men\u021bine baia curat\u0103.<\/p>\n","protected":false},"featured_media":5890,"template":"","meta":[],"product_brand":[],"product_cat":[123],"product_tag":[],"class_list":{"0":"post-4636","1":"product","2":"type-product","3":"status-publish","4":"has-post-thumbnail","6":"product_cat-articole-pentru-baie-si-toaleta","7":"pa_manufacturer-turcia","8":"pa_material-pp-polipropilena","9":"pa_size-o135x17x375-cm","11":"first","12":"instock","13":"shipping-taxable","14":"purchasable","15":"product-type-simple"},"_links":{"self":[{"href":"https:\/\/moi-dom.md\/ro\/wp-json\/wp\/v2\/product\/4636","targetHints":{"allow":["GET"]}}],"collection":[{"href":"https:\/\/moi-dom.md\/ro\/wp-json\/wp\/v2\/product"}],"about":[{"href":"https:\/\/moi-dom.md\/ro\/wp-json\/wp\/v2\/types\/product"}],"version-history":[{"count":2,"href":"https:\/\/moi-dom.md\/ro\/wp-json\/wp\/v2\/product\/4636\/revisions"}],"predecessor-version":[{"id":9050,"href":"https:\/\/moi-dom.md\/ro\/wp-json\/wp\/v2\/product\/4636\/revisions\/9050"}],"wp:featuredmedia":[{"embeddable":true,"href":"https:\/\/moi-dom.md\/ro\/wp-json\/wp\/v2\/media\/5890"}],"wp:attachment":[{"href":"https:\/\/moi-dom.md\/ro\/wp-json\/wp\/v2\/media?parent=4636"}],"wp:term":[{"taxonomy":"product_brand","embeddable":true,"href":"https:\/\/moi-dom.md\/ro\/wp-json\/wp\/v2\/product_brand?post=4636"},{"taxonomy":"product_cat","embeddable":true,"href":"https:\/\/moi-dom.md\/ro\/wp-json\/wp\/v2\/product_cat?post=4636"},{"taxonomy":"product_tag","embeddable":true,"href":"https:\/\/moi-dom.md\/ro\/wp-json\/wp\/v2\/product_tag?post=4636"}],"curies":[{"name":"wp","href":"https:\/\/api.w.org\/{rel}","templated":true}]}}