{"id":4601,"date":"2025-11-01T16:38:03","date_gmt":"2025-11-01T16:38:03","guid":{"rendered":"https:\/\/moi-dom.md\/product\/raft-pentru-legume-3\/"},"modified":"2025-11-24T17:51:27","modified_gmt":"2025-11-24T17:51:27","slug":"raft-pentru-legume-3","status":"publish","type":"product","link":"https:\/\/moi-dom.md\/ro\/produs\/raft-pentru-legume-3\/","title":{"rendered":"Raft pentru legume"},"content":{"rendered":"<p>Acest raft practic de col\u021b cu patru niveluri este ideal pentru organizarea ra\u021bional\u0103 a spa\u021biului din buc\u0103t\u0103rie. Datorit\u0103 formei sale compacte, acesta poate fi amplasat cu u\u0219urin\u021b\u0103 chiar \u0219i \u00een spa\u021bii mici, folosind eficient fiecare col\u021b. Co\u0219urile spa\u021bioase asigur\u0103 o ventila\u021bie excelent\u0103 pentru depozitarea de lung\u0103 durat\u0103 a fructelor \u0219i legumelor. Construc\u021bia robust\u0103 din plastic este rezistent\u0103 la umiditate \u0219i u\u0219or de cur\u0103\u021bat, \u00een timp ce designul modern se va potrivi cu orice interior de buc\u0103t\u0103rie. Dimensiuni: 80x47x38 cm.    <\/p>\n","protected":false},"excerpt":{"rendered":"<p>Raftul de col\u021b cu patru niveluri este o solu\u021bie compact\u0103 pentru depozitarea legumelor \u0219i a ustensilelor de buc\u0103t\u0103rie.<\/p>\n","protected":false},"featured_media":5781,"template":"","meta":[],"product_brand":[],"product_cat":[106],"product_tag":[],"class_list":{"0":"post-4601","1":"product","2":"type-product","3":"status-publish","4":"has-post-thumbnail","6":"product_cat-organizare-si-ordine-in-bucatarie","7":"pa_color-white","8":"pa_color-brown","9":"pa_color-grey","11":"first","12":"instock","13":"shipping-taxable","14":"purchasable","15":"product-type-variable"},"_links":{"self":[{"href":"https:\/\/moi-dom.md\/ro\/wp-json\/wp\/v2\/product\/4601","targetHints":{"allow":["GET"]}}],"collection":[{"href":"https:\/\/moi-dom.md\/ro\/wp-json\/wp\/v2\/product"}],"about":[{"href":"https:\/\/moi-dom.md\/ro\/wp-json\/wp\/v2\/types\/product"}],"version-history":[{"count":1,"href":"https:\/\/moi-dom.md\/ro\/wp-json\/wp\/v2\/product\/4601\/revisions"}],"predecessor-version":[{"id":5543,"href":"https:\/\/moi-dom.md\/ro\/wp-json\/wp\/v2\/product\/4601\/revisions\/5543"}],"wp:featuredmedia":[{"embeddable":true,"href":"https:\/\/moi-dom.md\/ro\/wp-json\/wp\/v2\/media\/5781"}],"wp:attachment":[{"href":"https:\/\/moi-dom.md\/ro\/wp-json\/wp\/v2\/media?parent=4601"}],"wp:term":[{"taxonomy":"product_brand","embeddable":true,"href":"https:\/\/moi-dom.md\/ro\/wp-json\/wp\/v2\/product_brand?post=4601"},{"taxonomy":"product_cat","embeddable":true,"href":"https:\/\/moi-dom.md\/ro\/wp-json\/wp\/v2\/product_cat?post=4601"},{"taxonomy":"product_tag","embeddable":true,"href":"https:\/\/moi-dom.md\/ro\/wp-json\/wp\/v2\/product_tag?post=4601"}],"curies":[{"name":"wp","href":"https:\/\/api.w.org\/{rel}","templated":true}]}}