{"id":4600,"date":"2025-11-01T16:38:01","date_gmt":"2025-11-01T16:38:01","guid":{"rendered":"https:\/\/moi-dom.md\/product\/bol-cu-capac\/"},"modified":"2025-11-01T16:38:01","modified_gmt":"2025-11-01T16:38:01","slug":"bol-cu-capac","status":"publish","type":"product","link":"https:\/\/moi-dom.md\/ro\/produs\/bol-cu-capac\/","title":{"rendered":"Bol cu capac"},"content":{"rendered":"<p>Bolul versatil cu capac cu \u00eenchidere etan\u0219\u0103 este ideal pentru depozitarea m\u00e2nc\u0103rurilor gata preparate, aluatului, salatelor \u0219i a altor alimente. Capacul etan\u0219 previne p\u0103trunderea mirosurilor \u0219i p\u0103streaz\u0103 prospe\u021bimea. Suprafa\u021ba interioar\u0103 neted\u0103 face bolul u\u0219or de cur\u0103\u021bat, iar plasticul rezistent asigur\u0103 durabilitate \u0219i rezisten\u021b\u0103 la deformare. O solu\u021bie excelent\u0103 pentru utilizarea zilnic\u0103 acas\u0103 \u0219i \u00een mediul rural. Dimensiuni: 3,5&#215;34,5&#215;50 cm.    <\/p>\n","protected":false},"excerpt":{"rendered":"<p>Bolul cu capac este un recipient convenabil \u0219i etan\u0219 pentru depozitarea, amestecarea \u0219i transportul alimentelor.<\/p>\n","protected":false},"featured_media":0,"template":"","meta":[],"product_brand":[],"product_cat":[15],"product_tag":[],"class_list":{"0":"post-4600","1":"product","2":"type-product","3":"status-publish","5":"product_cat-predmety-dlea-vannoi-i-sanuzla","7":"first","8":"instock","9":"shipping-taxable","10":"purchasable","11":"product-type-simple"},"_links":{"self":[{"href":"https:\/\/moi-dom.md\/ro\/wp-json\/wp\/v2\/product\/4600","targetHints":{"allow":["GET"]}}],"collection":[{"href":"https:\/\/moi-dom.md\/ro\/wp-json\/wp\/v2\/product"}],"about":[{"href":"https:\/\/moi-dom.md\/ro\/wp-json\/wp\/v2\/types\/product"}],"version-history":[{"count":0,"href":"https:\/\/moi-dom.md\/ro\/wp-json\/wp\/v2\/product\/4600\/revisions"}],"wp:attachment":[{"href":"https:\/\/moi-dom.md\/ro\/wp-json\/wp\/v2\/media?parent=4600"}],"wp:term":[{"taxonomy":"product_brand","embeddable":true,"href":"https:\/\/moi-dom.md\/ro\/wp-json\/wp\/v2\/product_brand?post=4600"},{"taxonomy":"product_cat","embeddable":true,"href":"https:\/\/moi-dom.md\/ro\/wp-json\/wp\/v2\/product_cat?post=4600"},{"taxonomy":"product_tag","embeddable":true,"href":"https:\/\/moi-dom.md\/ro\/wp-json\/wp\/v2\/product_tag?post=4600"}],"curies":[{"name":"wp","href":"https:\/\/api.w.org\/{rel}","templated":true}]}}