{"id":4596,"date":"2025-11-01T16:38:02","date_gmt":"2025-11-01T16:38:02","guid":{"rendered":"https:\/\/moi-dom.md\/product\/recipient-pentru-alimente-in-vrac-17-litri\/"},"modified":"2025-11-24T17:54:47","modified_gmt":"2025-11-24T17:54:47","slug":"recipient-pentru-alimente-in-vrac-17-litri","status":"publish","type":"product","link":"https:\/\/moi-dom.md\/ro\/produs\/recipient-pentru-alimente-in-vrac-17-litri\/","title":{"rendered":"Recipient pentru alimente \u00een vrac 1,7 litri"},"content":{"rendered":"<p>Recipientul transparent pentru alimente \u00een vrac este ideal pentru depozitarea cerealelor, pastelor, zah\u0103rului, f\u0103inii \u0219i a altor ingrediente. Capacul etan\u0219 protejeaz\u0103 \u00een mod fiabil con\u021binutul de umiditate \u0219i mirosuri str\u0103ine, men\u021bin\u00e2nd alimentele proaspete. Pere\u021bii transparen\u021bi faciliteaz\u0103 monitorizarea cantit\u0103\u021bilor, iar forma ergonomic\u0103 face ca recipientul s\u0103 fie u\u0219or de depozitat \u00eentr-un dulap sau pe un raft. Fabricat din plastic alimentar durabil care este sigur pentru s\u0103n\u0103tate \u0219i u\u0219or de cur\u0103\u021bat. Dimensiune: 17&#215;17.5x7cm.<\/p>\n","protected":false},"excerpt":{"rendered":"<p>Recipient pentru alimente \u00een vrac cu capac etan\u0219 &#8211; depozitare convenabil\u0103 \u0219i etan\u0219\u0103 \u00een buc\u0103t\u0103ria dvs.<\/p>\n","protected":false},"featured_media":5792,"template":"","meta":[],"product_brand":[],"product_cat":[106],"product_tag":[],"class_list":{"0":"post-4596","1":"product","2":"type-product","3":"status-publish","4":"has-post-thumbnail","6":"product_cat-organizare-si-ordine-in-bucatarie","8":"first","9":"instock","10":"shipping-taxable","11":"purchasable","12":"product-type-simple"},"_links":{"self":[{"href":"https:\/\/moi-dom.md\/ro\/wp-json\/wp\/v2\/product\/4596","targetHints":{"allow":["GET"]}}],"collection":[{"href":"https:\/\/moi-dom.md\/ro\/wp-json\/wp\/v2\/product"}],"about":[{"href":"https:\/\/moi-dom.md\/ro\/wp-json\/wp\/v2\/types\/product"}],"version-history":[{"count":1,"href":"https:\/\/moi-dom.md\/ro\/wp-json\/wp\/v2\/product\/4596\/revisions"}],"predecessor-version":[{"id":5796,"href":"https:\/\/moi-dom.md\/ro\/wp-json\/wp\/v2\/product\/4596\/revisions\/5796"}],"wp:featuredmedia":[{"embeddable":true,"href":"https:\/\/moi-dom.md\/ro\/wp-json\/wp\/v2\/media\/5792"}],"wp:attachment":[{"href":"https:\/\/moi-dom.md\/ro\/wp-json\/wp\/v2\/media?parent=4596"}],"wp:term":[{"taxonomy":"product_brand","embeddable":true,"href":"https:\/\/moi-dom.md\/ro\/wp-json\/wp\/v2\/product_brand?post=4596"},{"taxonomy":"product_cat","embeddable":true,"href":"https:\/\/moi-dom.md\/ro\/wp-json\/wp\/v2\/product_cat?post=4596"},{"taxonomy":"product_tag","embeddable":true,"href":"https:\/\/moi-dom.md\/ro\/wp-json\/wp\/v2\/product_tag?post=4596"}],"curies":[{"name":"wp","href":"https:\/\/api.w.org\/{rel}","templated":true}]}}