{"id":4417,"date":"2025-11-01T16:38:01","date_gmt":"2025-11-01T16:38:01","guid":{"rendered":"https:\/\/moi-dom.md\/product\/tava-pentru-tacamuri\/"},"modified":"2025-11-18T12:31:05","modified_gmt":"2025-11-18T12:31:05","slug":"tava-pentru-tacamuri","status":"publish","type":"product","link":"https:\/\/moi-dom.md\/ro\/produs\/tava-pentru-tacamuri\/","title":{"rendered":"T\u0103vi\u021b\u0103 pentru tac\u00e2muri"},"content":{"rendered":"<p>Tava practic\u0103 pentru tac\u00e2muri este un accesoriu indispensabil pentru a v\u0103 men\u021bine buc\u0103t\u0103ria ordonat\u0103. Fabricat din plastic durabil, u\u0219or de cur\u0103\u021bat \u0219i rezistent la deterior\u0103ri. Dispunerea inteligent\u0103 a celor cinci compartimente v\u0103 permite s\u0103 a\u0219eza\u021bi convenabil linguri, furculi\u021be, cu\u021bite \u0219i alte ustensile mici de buc\u0103t\u0103rie. Datorit\u0103 dimensiunilor sale compacte, tava se potrive\u0219te \u00een majoritatea sertarelor de buc\u0103t\u0103rie \u0219i ajut\u0103 la ra\u021bionalizarea utiliz\u0103rii spa\u021biului. Dimensiuni: 10x28x52,5 cm.    <\/p>\n","protected":false},"excerpt":{"rendered":"<p>T\u0103vi\u021b\u0103 pentru tac\u00e2muri. Organizeaz\u0103 convenabil depozitarea lingurilor, furculi\u021belor \u0219i cu\u021bitelor \u00een sertarul de buc\u0103t\u0103rie. <\/p>\n","protected":false},"featured_media":1646,"template":"","meta":[],"product_brand":[],"product_cat":[98],"product_tag":[],"class_list":{"0":"post-4417","1":"product","2":"type-product","3":"status-publish","4":"has-post-thumbnail","6":"product_cat-organizatia-i-poreadok-na-kuhne","8":"first","9":"instock","10":"shipping-taxable","11":"purchasable","12":"product-type-simple"},"_links":{"self":[{"href":"https:\/\/moi-dom.md\/ro\/wp-json\/wp\/v2\/product\/4417","targetHints":{"allow":["GET"]}}],"collection":[{"href":"https:\/\/moi-dom.md\/ro\/wp-json\/wp\/v2\/product"}],"about":[{"href":"https:\/\/moi-dom.md\/ro\/wp-json\/wp\/v2\/types\/product"}],"version-history":[{"count":1,"href":"https:\/\/moi-dom.md\/ro\/wp-json\/wp\/v2\/product\/4417\/revisions"}],"predecessor-version":[{"id":5112,"href":"https:\/\/moi-dom.md\/ro\/wp-json\/wp\/v2\/product\/4417\/revisions\/5112"}],"wp:featuredmedia":[{"embeddable":true,"href":"https:\/\/moi-dom.md\/ro\/wp-json\/wp\/v2\/media\/1646"}],"wp:attachment":[{"href":"https:\/\/moi-dom.md\/ro\/wp-json\/wp\/v2\/media?parent=4417"}],"wp:term":[{"taxonomy":"product_brand","embeddable":true,"href":"https:\/\/moi-dom.md\/ro\/wp-json\/wp\/v2\/product_brand?post=4417"},{"taxonomy":"product_cat","embeddable":true,"href":"https:\/\/moi-dom.md\/ro\/wp-json\/wp\/v2\/product_cat?post=4417"},{"taxonomy":"product_tag","embeddable":true,"href":"https:\/\/moi-dom.md\/ro\/wp-json\/wp\/v2\/product_tag?post=4417"}],"curies":[{"name":"wp","href":"https:\/\/api.w.org\/{rel}","templated":true}]}}