{"id":4404,"date":"2025-11-01T16:38:01","date_gmt":"2025-11-01T16:38:01","guid":{"rendered":"https:\/\/moi-dom.md\/product\/uscator-de-vase-cu-tava-2\/"},"modified":"2025-11-18T12:31:06","modified_gmt":"2025-11-18T12:31:06","slug":"uscator-de-vase-cu-tava-2","status":"publish","type":"product","link":"https:\/\/moi-dom.md\/ro\/produs\/uscator-de-vase-cu-tava-2\/","title":{"rendered":"Suport de uscare pentru vase cu t\u0103vi\u021b\u0103"},"content":{"rendered":"<p>Scurg\u0103tor de vase practic \u0219i spa\u021bios cu tav\u0103 &#8211; solu\u021bia ideal\u0103 pentru a v\u0103 men\u021bine buc\u0103t\u0103ria ordonat\u0103. Fabricat din plastic durabil, rezistent la umiditate, rezistent la impactul mecanic. Designul include sec\u021biuni separate pentru farfurii, ce\u0219ti \u0219i tac\u00e2muri, ceea ce asigur\u0103 o uscare convenabil\u0103 \u0219i ordonat\u0103. Tava deta\u0219abil\u0103 \u00eempiedic\u0103 picurarea apei pe suprafa\u021ba mesei, facilit\u00e2nd cur\u0103\u021barea. Compact \u0219i u\u0219or, se va potrivi armonios \u00een orice spa\u021biu de buc\u0103t\u0103rie \u0219i va dura mul\u021bi ani. Dimensiuni: 9x38x46 cm.     <\/p>\n","protected":false},"excerpt":{"rendered":"<p>Suport de uscare pentru vase cu t\u0103vi\u021b\u0103 fabricat din plastic rezistent. Compartimente convenabile pentru farfurii \u0219i tac\u00e2muri, tava colecteaz\u0103 apa \u0219i v\u0103 men\u021bine buc\u0103t\u0103ria curat\u0103. <\/p>\n","protected":false},"featured_media":3012,"template":"","meta":[],"product_brand":[],"product_cat":[106],"product_tag":[],"class_list":{"0":"post-4404","1":"product","2":"type-product","3":"status-publish","4":"has-post-thumbnail","6":"product_cat-organizare-si-ordine-in-bucatarie","7":"pa_color-white","8":"pa_color-beige","9":"pa_color-grey","11":"first","12":"instock","13":"shipping-taxable","14":"purchasable","15":"product-type-variable"},"_links":{"self":[{"href":"https:\/\/moi-dom.md\/ro\/wp-json\/wp\/v2\/product\/4404","targetHints":{"allow":["GET"]}}],"collection":[{"href":"https:\/\/moi-dom.md\/ro\/wp-json\/wp\/v2\/product"}],"about":[{"href":"https:\/\/moi-dom.md\/ro\/wp-json\/wp\/v2\/types\/product"}],"version-history":[{"count":1,"href":"https:\/\/moi-dom.md\/ro\/wp-json\/wp\/v2\/product\/4404\/revisions"}],"predecessor-version":[{"id":5116,"href":"https:\/\/moi-dom.md\/ro\/wp-json\/wp\/v2\/product\/4404\/revisions\/5116"}],"wp:featuredmedia":[{"embeddable":true,"href":"https:\/\/moi-dom.md\/ro\/wp-json\/wp\/v2\/media\/3012"}],"wp:attachment":[{"href":"https:\/\/moi-dom.md\/ro\/wp-json\/wp\/v2\/media?parent=4404"}],"wp:term":[{"taxonomy":"product_brand","embeddable":true,"href":"https:\/\/moi-dom.md\/ro\/wp-json\/wp\/v2\/product_brand?post=4404"},{"taxonomy":"product_cat","embeddable":true,"href":"https:\/\/moi-dom.md\/ro\/wp-json\/wp\/v2\/product_cat?post=4404"},{"taxonomy":"product_tag","embeddable":true,"href":"https:\/\/moi-dom.md\/ro\/wp-json\/wp\/v2\/product_tag?post=4404"}],"curies":[{"name":"wp","href":"https:\/\/api.w.org\/{rel}","templated":true}]}}