{"id":4380,"date":"2025-11-01T16:38:02","date_gmt":"2025-11-01T16:38:02","guid":{"rendered":"https:\/\/moi-dom.md\/product\/vesela-cu-bol\/"},"modified":"2025-11-01T16:38:02","modified_gmt":"2025-11-01T16:38:02","slug":"vesela-cu-bol","status":"publish","type":"product","link":"https:\/\/moi-dom.md\/ro\/produs\/vesela-cu-bol\/","title":{"rendered":"Vesel\u0103 cu bol"},"content":{"rendered":"<p>Acest set practic format dintr-o strecur\u0103toare \u0219i un bol va deveni un asistent indispensabil \u00een buc\u0103t\u0103rie. Strecur\u0103toarea este ideal\u0103 pentru cl\u0103tirea legumelor, fructelor, pastelor \u0219i cerealelor, \u00een timp ce bolul colecteaz\u0103 apa pentru a preveni stropirea. M\u00e2nerele ergonomice asigur\u0103 u\u0219urin\u021b\u0103 \u00een utilizare, iar designul compact v\u0103 permite s\u0103 depozita\u021bi articolele unul \u00een altul, economisind spa\u021biu. Fabricat din plastic rezistent \u0219i sigur, u\u0219or de cur\u0103\u021bat \u0219i durabil. Dimensiuni: \u00d8 26x38x13 cm.    <\/p>\n","protected":false},"excerpt":{"rendered":"<p>Strecur\u0103toarea cu bol este un set la \u00eendem\u00e2n\u0103 pentru sp\u0103larea, strecurarea \u0219i depozitarea alimentelor.<\/p>\n","protected":false},"featured_media":3075,"template":"","meta":[],"product_brand":[],"product_cat":[98],"product_tag":[],"class_list":{"0":"post-4380","1":"product","2":"type-product","3":"status-publish","4":"has-post-thumbnail","6":"product_cat-organizatia-i-poreadok-na-kuhne","7":"pa_color-white","8":"pa_color-grey","10":"first","11":"instock","12":"shipping-taxable","13":"purchasable","14":"product-type-variable"},"_links":{"self":[{"href":"https:\/\/moi-dom.md\/ro\/wp-json\/wp\/v2\/product\/4380","targetHints":{"allow":["GET"]}}],"collection":[{"href":"https:\/\/moi-dom.md\/ro\/wp-json\/wp\/v2\/product"}],"about":[{"href":"https:\/\/moi-dom.md\/ro\/wp-json\/wp\/v2\/types\/product"}],"version-history":[{"count":0,"href":"https:\/\/moi-dom.md\/ro\/wp-json\/wp\/v2\/product\/4380\/revisions"}],"wp:featuredmedia":[{"embeddable":true,"href":"https:\/\/moi-dom.md\/ro\/wp-json\/wp\/v2\/media\/3075"}],"wp:attachment":[{"href":"https:\/\/moi-dom.md\/ro\/wp-json\/wp\/v2\/media?parent=4380"}],"wp:term":[{"taxonomy":"product_brand","embeddable":true,"href":"https:\/\/moi-dom.md\/ro\/wp-json\/wp\/v2\/product_brand?post=4380"},{"taxonomy":"product_cat","embeddable":true,"href":"https:\/\/moi-dom.md\/ro\/wp-json\/wp\/v2\/product_cat?post=4380"},{"taxonomy":"product_tag","embeddable":true,"href":"https:\/\/moi-dom.md\/ro\/wp-json\/wp\/v2\/product_tag?post=4380"}],"curies":[{"name":"wp","href":"https:\/\/api.w.org\/{rel}","templated":true}]}}