{"id":4362,"date":"2025-11-01T16:38:02","date_gmt":"2025-11-01T16:38:02","guid":{"rendered":"https:\/\/moi-dom.md\/product\/tavita-dreptunghiulara-pentru-prajituri-cu-capac\/"},"modified":"2025-11-01T16:38:02","modified_gmt":"2025-11-01T16:38:02","slug":"tavita-dreptunghiulara-pentru-prajituri-cu-capac","status":"publish","type":"product","link":"https:\/\/moi-dom.md\/ro\/produs\/tavita-dreptunghiulara-pentru-prajituri-cu-capac\/","title":{"rendered":"T\u0103vi\u021b\u0103 dreptunghiular\u0103 pentru pr\u0103jituri cu capac"},"content":{"rendered":"<p>Cutia dreptunghiular\u0103 elegant\u0103 \u0219i func\u021bional\u0103 pentru pr\u0103jituri cu capac transparent este ideal\u0103 pentru depozitarea \u0219i transportul pr\u0103jiturilor, pl\u0103cintelor, rulourilor \u0219i a altor articole culinare. Capacul transparent v\u0103 permite s\u0103 vede\u021bi con\u021binutul, iar \u00eenchiz\u0103toarele sigure asigur\u0103 o \u00eenchidere etan\u0219\u0103 \u0219i protec\u021bie \u00eempotriva influen\u021belor externe. M\u00e2nerul convenabil faciliteaz\u0103 transportul, iar baza stabil\u0103 garanteaz\u0103 siguran\u021ba produselor \u00een timpul transportului. Fabricat din plastic durabil de calitate alimentar\u0103, sigur pentru contactul cu alimentele \u0219i u\u0219or de cur\u0103\u021bat. Dimensiuni: 37&#215;17,5&#215;14 cm.    <\/p>\n","protected":false},"excerpt":{"rendered":"<p>Cutia dreptunghiular\u0103 pentru pr\u0103jituri cu capac este o solu\u021bie convenabil\u0103 pentru depozitarea \u0219i transportul produselor de patiserie \u0219i gust\u0103rilor.<\/p>\n","protected":false},"featured_media":4363,"template":"","meta":[],"product_brand":[],"product_cat":[106],"product_tag":[],"class_list":{"0":"post-4362","1":"product","2":"type-product","3":"status-publish","4":"has-post-thumbnail","6":"product_cat-organizare-si-ordine-in-bucatarie","7":"pa_color-beige","8":"pa_color-milky","9":"pa_color-soft-powder-pink","10":"pa_color-olive-green","12":"first","13":"instock","14":"shipping-taxable","15":"purchasable","16":"product-type-variable"},"_links":{"self":[{"href":"https:\/\/moi-dom.md\/ro\/wp-json\/wp\/v2\/product\/4362","targetHints":{"allow":["GET"]}}],"collection":[{"href":"https:\/\/moi-dom.md\/ro\/wp-json\/wp\/v2\/product"}],"about":[{"href":"https:\/\/moi-dom.md\/ro\/wp-json\/wp\/v2\/types\/product"}],"version-history":[{"count":0,"href":"https:\/\/moi-dom.md\/ro\/wp-json\/wp\/v2\/product\/4362\/revisions"}],"wp:featuredmedia":[{"embeddable":true,"href":"https:\/\/moi-dom.md\/ro\/wp-json\/wp\/v2\/media\/4363"}],"wp:attachment":[{"href":"https:\/\/moi-dom.md\/ro\/wp-json\/wp\/v2\/media?parent=4362"}],"wp:term":[{"taxonomy":"product_brand","embeddable":true,"href":"https:\/\/moi-dom.md\/ro\/wp-json\/wp\/v2\/product_brand?post=4362"},{"taxonomy":"product_cat","embeddable":true,"href":"https:\/\/moi-dom.md\/ro\/wp-json\/wp\/v2\/product_cat?post=4362"},{"taxonomy":"product_tag","embeddable":true,"href":"https:\/\/moi-dom.md\/ro\/wp-json\/wp\/v2\/product_tag?post=4362"}],"curies":[{"name":"wp","href":"https:\/\/api.w.org\/{rel}","templated":true}]}}