{"id":4341,"date":"2025-11-01T16:38:02","date_gmt":"2025-11-01T16:38:02","guid":{"rendered":"https:\/\/moi-dom.md\/product\/cutie-de-tort-din-plastic-cu-capac\/"},"modified":"2025-11-01T16:38:02","modified_gmt":"2025-11-01T16:38:02","slug":"cutie-de-tort-din-plastic-cu-capac","status":"publish","type":"product","link":"https:\/\/moi-dom.md\/ro\/produs\/cutie-de-tort-din-plastic-cu-capac\/","title":{"rendered":"Cutie de tort din plastic cu capac"},"content":{"rendered":"<p>Cutia practic\u0103 pentru pr\u0103jituri cu capac transparent asigur\u0103 protejarea \u0219i conservarea deserturilor. \u00cenchiderea etan\u0219\u0103 p\u0103streaz\u0103 alimentele proaspete, iar capacul le protejeaz\u0103 de praf \u0219i influen\u021be externe. \u00cenchiz\u0103toriile convenabile asigur\u0103 o fixare sigur\u0103, iar m\u00e2nerul de pe capac o face u\u0219or de transportat. Potrivit pentru depozitarea \u0219i transportul pr\u0103jiturilor, pl\u0103cintelor, cupcakes \u0219i a altor produse de cofet\u0103rie. Fabricat din plastic alimentar durabil, u\u0219or de cur\u0103\u021bat \u0219i rezistent la deteriorare. Dimensiuni: 33,6&#215;33,6&#215;33,6&#215;15,3 cm.     <\/p>\n","protected":false},"excerpt":{"rendered":"<p>Cutia de tort din plastic cu capac este o solu\u021bie convenabil\u0103 pentru depozitarea \u0219i transportul produselor de patiserie.<\/p>\n","protected":false},"featured_media":4342,"template":"","meta":[],"product_brand":[],"product_cat":[98],"product_tag":[],"class_list":{"0":"post-4341","1":"product","2":"type-product","3":"status-publish","4":"has-post-thumbnail","6":"product_cat-organizatia-i-poreadok-na-kuhne","7":"pa_color-beige","8":"pa_color-grey","9":"pa_color-olive-green","11":"first","12":"instock","13":"shipping-taxable","14":"purchasable","15":"product-type-variable"},"_links":{"self":[{"href":"https:\/\/moi-dom.md\/ro\/wp-json\/wp\/v2\/product\/4341","targetHints":{"allow":["GET"]}}],"collection":[{"href":"https:\/\/moi-dom.md\/ro\/wp-json\/wp\/v2\/product"}],"about":[{"href":"https:\/\/moi-dom.md\/ro\/wp-json\/wp\/v2\/types\/product"}],"version-history":[{"count":0,"href":"https:\/\/moi-dom.md\/ro\/wp-json\/wp\/v2\/product\/4341\/revisions"}],"wp:featuredmedia":[{"embeddable":true,"href":"https:\/\/moi-dom.md\/ro\/wp-json\/wp\/v2\/media\/4342"}],"wp:attachment":[{"href":"https:\/\/moi-dom.md\/ro\/wp-json\/wp\/v2\/media?parent=4341"}],"wp:term":[{"taxonomy":"product_brand","embeddable":true,"href":"https:\/\/moi-dom.md\/ro\/wp-json\/wp\/v2\/product_brand?post=4341"},{"taxonomy":"product_cat","embeddable":true,"href":"https:\/\/moi-dom.md\/ro\/wp-json\/wp\/v2\/product_cat?post=4341"},{"taxonomy":"product_tag","embeddable":true,"href":"https:\/\/moi-dom.md\/ro\/wp-json\/wp\/v2\/product_tag?post=4341"}],"curies":[{"name":"wp","href":"https:\/\/api.w.org\/{rel}","templated":true}]}}