{"id":4283,"date":"2025-11-01T16:38:03","date_gmt":"2025-11-01T16:38:03","guid":{"rendered":"https:\/\/moi-dom.md\/product\/raft-pentru-legume\/"},"modified":"2025-11-01T16:38:03","modified_gmt":"2025-11-01T16:38:03","slug":"raft-pentru-legume","status":"publish","type":"product","link":"https:\/\/moi-dom.md\/ro\/produs\/raft-pentru-legume\/","title":{"rendered":"Raft pentru legume"},"content":{"rendered":"<p>Raft practic cu trei niveluri pentru a v\u0103 men\u021bine buc\u0103t\u0103ria ordonat\u0103. Ideal pentru depozitarea legumelor, fructelor, produselor chimice de uz casnic sau ustensilelor de buc\u0103t\u0103rie. Designul deschis ofer\u0103 o bun\u0103 ventila\u021bie pentru a preveni deteriorarea alimentelor. Construc\u021bia din plastic u\u0219or, dar durabil, este stabil\u0103 \u0219i u\u0219or de cur\u0103\u021bat. Dimensiunea compact\u0103 permite raftului s\u0103 \u00eencap\u0103 chiar \u0219i \u00eentr-o buc\u0103t\u0103rie mic\u0103, optimiz\u00e2nd spa\u021biul. Dimensiuni: 63x30x41 cm.     <\/p>\n","protected":false},"excerpt":{"rendered":"<p>Raftul pentru legume cu trei niveluri este o solu\u021bie convenabil\u0103 pentru depozitarea alimentelor \u0219i a obiectelor esen\u021biale din buc\u0103t\u0103rie.<\/p>\n","protected":false},"featured_media":4284,"template":"","meta":[],"product_brand":[],"product_cat":[106],"product_tag":[],"class_list":{"0":"post-4283","1":"product","2":"type-product","3":"status-publish","4":"has-post-thumbnail","6":"product_cat-organizare-si-ordine-in-bucatarie","7":"pa_color-white","8":"pa_color-brown","9":"pa_color-grey","11":"first","12":"instock","13":"shipping-taxable","14":"purchasable","15":"product-type-variable"},"_links":{"self":[{"href":"https:\/\/moi-dom.md\/ro\/wp-json\/wp\/v2\/product\/4283","targetHints":{"allow":["GET"]}}],"collection":[{"href":"https:\/\/moi-dom.md\/ro\/wp-json\/wp\/v2\/product"}],"about":[{"href":"https:\/\/moi-dom.md\/ro\/wp-json\/wp\/v2\/types\/product"}],"version-history":[{"count":0,"href":"https:\/\/moi-dom.md\/ro\/wp-json\/wp\/v2\/product\/4283\/revisions"}],"wp:featuredmedia":[{"embeddable":true,"href":"https:\/\/moi-dom.md\/ro\/wp-json\/wp\/v2\/media\/4284"}],"wp:attachment":[{"href":"https:\/\/moi-dom.md\/ro\/wp-json\/wp\/v2\/media?parent=4283"}],"wp:term":[{"taxonomy":"product_brand","embeddable":true,"href":"https:\/\/moi-dom.md\/ro\/wp-json\/wp\/v2\/product_brand?post=4283"},{"taxonomy":"product_cat","embeddable":true,"href":"https:\/\/moi-dom.md\/ro\/wp-json\/wp\/v2\/product_cat?post=4283"},{"taxonomy":"product_tag","embeddable":true,"href":"https:\/\/moi-dom.md\/ro\/wp-json\/wp\/v2\/product_tag?post=4283"}],"curies":[{"name":"wp","href":"https:\/\/api.w.org\/{rel}","templated":true}]}}