{"id":4271,"date":"2025-11-01T16:38:06","date_gmt":"2025-11-01T16:38:06","guid":{"rendered":"https:\/\/moi-dom.md\/product\/bol-45-litri\/"},"modified":"2025-11-01T16:38:06","modified_gmt":"2025-11-01T16:38:06","slug":"bol-45-litri","status":"publish","type":"product","link":"https:\/\/moi-dom.md\/ro\/produs\/bol-45-litri\/","title":{"rendered":"Bol 4,5 litri"},"content":{"rendered":"<p>Bol la \u00eendem\u00e2n\u0103 fabricat din plastic durabil de calitate alimentar\u0103. Potrivit pentru g\u0103tit, amestecarea ingredientelor, depozitarea \u0219i servirea alimentelor. U\u0219or, practic \u0219i rezistent la deterior\u0103ri, u\u0219or de cur\u0103\u021bat \u0219i nu absoarbe mirosurile. Ideal pentru utilizarea zilnic\u0103 acas\u0103, la \u021bar\u0103 sau \u00een buc\u0103t\u0103ria de catering. Dimensiuni: \u00d8 28&#215;11 cm.    <\/p>\n","protected":false},"excerpt":{"rendered":"<p>Bolul din plastic este versatil \u0219i u\u0219or de utilizat.<\/p>\n","protected":false},"featured_media":3026,"template":"","meta":[],"product_brand":[],"product_cat":[106],"product_tag":[],"class_list":{"0":"post-4271","1":"product","2":"type-product","3":"status-publish","4":"has-post-thumbnail","6":"product_cat-organizare-si-ordine-in-bucatarie","7":"pa_color-milky","8":"pa_color-dark_grey","10":"first","11":"instock","12":"shipping-taxable","13":"purchasable","14":"product-type-variable"},"_links":{"self":[{"href":"https:\/\/moi-dom.md\/ro\/wp-json\/wp\/v2\/product\/4271","targetHints":{"allow":["GET"]}}],"collection":[{"href":"https:\/\/moi-dom.md\/ro\/wp-json\/wp\/v2\/product"}],"about":[{"href":"https:\/\/moi-dom.md\/ro\/wp-json\/wp\/v2\/types\/product"}],"version-history":[{"count":0,"href":"https:\/\/moi-dom.md\/ro\/wp-json\/wp\/v2\/product\/4271\/revisions"}],"wp:featuredmedia":[{"embeddable":true,"href":"https:\/\/moi-dom.md\/ro\/wp-json\/wp\/v2\/media\/3026"}],"wp:attachment":[{"href":"https:\/\/moi-dom.md\/ro\/wp-json\/wp\/v2\/media?parent=4271"}],"wp:term":[{"taxonomy":"product_brand","embeddable":true,"href":"https:\/\/moi-dom.md\/ro\/wp-json\/wp\/v2\/product_brand?post=4271"},{"taxonomy":"product_cat","embeddable":true,"href":"https:\/\/moi-dom.md\/ro\/wp-json\/wp\/v2\/product_cat?post=4271"},{"taxonomy":"product_tag","embeddable":true,"href":"https:\/\/moi-dom.md\/ro\/wp-json\/wp\/v2\/product_tag?post=4271"}],"curies":[{"name":"wp","href":"https:\/\/api.w.org\/{rel}","templated":true}]}}