{"id":4263,"date":"2025-11-01T16:38:06","date_gmt":"2025-11-01T16:38:06","guid":{"rendered":"https:\/\/moi-dom.md\/product\/organizator-6\/"},"modified":"2025-11-01T16:38:06","modified_gmt":"2025-11-01T16:38:06","slug":"organizator-6","status":"publish","type":"product","link":"https:\/\/moi-dom.md\/ro\/produs\/organizator-6\/","title":{"rendered":"Organizator"},"content":{"rendered":"<p>Co\u0219ul universal din plastic este conceput pentru depozitarea convenabil\u0103 a diferitelor lucruri mici \u00een cas\u0103, birou sau buc\u0103t\u0103rie. Este fabricat din plastic durabil \u0219i u\u0219or, rezistent la umiditate \u0219i u\u0219or de cur\u0103\u021bat. Pere\u021bii perfora\u021bi asigur\u0103 ventila\u021bia, iar decupajul din fa\u021b\u0103 faciliteaz\u0103 accesul la con\u021binut. Potrivit pentru organizarea spa\u021biului \u00een dulapuri, sertare, frigider sau pe rafturi. Dimensiuni: 14x29x17 cm.    <\/p>\n","protected":false},"excerpt":{"rendered":"<p>Co\u0219 de depozitare din plastic cu decupaj convenabil<\/p>\n","protected":false},"featured_media":205,"template":"","meta":[],"product_brand":[],"product_cat":[98],"product_tag":[],"class_list":{"0":"post-4263","1":"product","2":"type-product","3":"status-publish","4":"has-post-thumbnail","6":"product_cat-organizatia-i-poreadok-na-kuhne","8":"first","9":"instock","10":"shipping-taxable","11":"purchasable","12":"product-type-simple"},"_links":{"self":[{"href":"https:\/\/moi-dom.md\/ro\/wp-json\/wp\/v2\/product\/4263","targetHints":{"allow":["GET"]}}],"collection":[{"href":"https:\/\/moi-dom.md\/ro\/wp-json\/wp\/v2\/product"}],"about":[{"href":"https:\/\/moi-dom.md\/ro\/wp-json\/wp\/v2\/types\/product"}],"version-history":[{"count":0,"href":"https:\/\/moi-dom.md\/ro\/wp-json\/wp\/v2\/product\/4263\/revisions"}],"wp:featuredmedia":[{"embeddable":true,"href":"https:\/\/moi-dom.md\/ro\/wp-json\/wp\/v2\/media\/205"}],"wp:attachment":[{"href":"https:\/\/moi-dom.md\/ro\/wp-json\/wp\/v2\/media?parent=4263"}],"wp:term":[{"taxonomy":"product_brand","embeddable":true,"href":"https:\/\/moi-dom.md\/ro\/wp-json\/wp\/v2\/product_brand?post=4263"},{"taxonomy":"product_cat","embeddable":true,"href":"https:\/\/moi-dom.md\/ro\/wp-json\/wp\/v2\/product_cat?post=4263"},{"taxonomy":"product_tag","embeddable":true,"href":"https:\/\/moi-dom.md\/ro\/wp-json\/wp\/v2\/product_tag?post=4263"}],"curies":[{"name":"wp","href":"https:\/\/api.w.org\/{rel}","templated":true}]}}