{"id":4257,"date":"2025-11-01T16:38:06","date_gmt":"2025-11-01T16:38:06","guid":{"rendered":"https:\/\/moi-dom.md\/product\/capac-din-plastic-pentru-cuptorul-cu-microunde\/"},"modified":"2025-11-01T16:38:06","modified_gmt":"2025-11-01T16:38:06","slug":"capac-din-plastic-pentru-cuptorul-cu-microunde","status":"publish","type":"product","link":"https:\/\/moi-dom.md\/ro\/produs\/capac-din-plastic-pentru-cuptorul-cu-microunde\/","title":{"rendered":"Capac din plastic pentru cuptorul cu microunde"},"content":{"rendered":"<p>Capacul din plastic pentru cuptorul cu microunde este conceput pentru a proteja camera interioar\u0103 de stropire \u00een timpul \u00eenc\u0103lzirii alimentelor. Este fabricat din plastic durabil, rezistent la c\u0103ldur\u0103, sigur pentru contactul cu alimentele. Capacul are g\u0103uri de ventila\u021bie pentru ca aburul s\u0103 ias\u0103, ceea ce previne condensul \u0219i p\u0103streaz\u0103 aroma alimentelor. U\u0219or de cur\u0103\u021bat \u0219i comod de utilizat. Dimensiuni: \u00d8 24&#215;10 cm.    <\/p>\n","protected":false},"excerpt":{"rendered":"<p>Capac din plastic pentru cuptorul cu microunde<\/p>\n","protected":false},"featured_media":1740,"template":"","meta":[],"product_brand":[],"product_cat":[98],"product_tag":[],"class_list":{"0":"post-4257","1":"product","2":"type-product","3":"status-publish","4":"has-post-thumbnail","6":"product_cat-organizatia-i-poreadok-na-kuhne","8":"first","9":"instock","10":"shipping-taxable","11":"purchasable","12":"product-type-simple"},"_links":{"self":[{"href":"https:\/\/moi-dom.md\/ro\/wp-json\/wp\/v2\/product\/4257","targetHints":{"allow":["GET"]}}],"collection":[{"href":"https:\/\/moi-dom.md\/ro\/wp-json\/wp\/v2\/product"}],"about":[{"href":"https:\/\/moi-dom.md\/ro\/wp-json\/wp\/v2\/types\/product"}],"version-history":[{"count":0,"href":"https:\/\/moi-dom.md\/ro\/wp-json\/wp\/v2\/product\/4257\/revisions"}],"wp:featuredmedia":[{"embeddable":true,"href":"https:\/\/moi-dom.md\/ro\/wp-json\/wp\/v2\/media\/1740"}],"wp:attachment":[{"href":"https:\/\/moi-dom.md\/ro\/wp-json\/wp\/v2\/media?parent=4257"}],"wp:term":[{"taxonomy":"product_brand","embeddable":true,"href":"https:\/\/moi-dom.md\/ro\/wp-json\/wp\/v2\/product_brand?post=4257"},{"taxonomy":"product_cat","embeddable":true,"href":"https:\/\/moi-dom.md\/ro\/wp-json\/wp\/v2\/product_cat?post=4257"},{"taxonomy":"product_tag","embeddable":true,"href":"https:\/\/moi-dom.md\/ro\/wp-json\/wp\/v2\/product_tag?post=4257"}],"curies":[{"name":"wp","href":"https:\/\/api.w.org\/{rel}","templated":true}]}}