{"id":4253,"date":"2025-11-01T16:38:06","date_gmt":"2025-11-01T16:38:06","guid":{"rendered":"https:\/\/moi-dom.md\/product\/forma-de-gheata\/"},"modified":"2025-11-01T16:38:06","modified_gmt":"2025-11-01T16:38:06","slug":"forma-de-gheata","status":"publish","type":"product","link":"https:\/\/moi-dom.md\/ro\/produs\/forma-de-gheata\/","title":{"rendered":"Forma de ghea\u021b\u0103"},"content":{"rendered":"<p>Forma de ghea\u021b\u0103 din plastic transparent \u0219i rezistent este o solu\u021bie convenabil\u0103 pentru congelarea cuburilor de ghea\u021b\u0103. Suprafa\u021ba neted\u0103 faciliteaz\u0103 \u00eendep\u0103rtarea ghe\u021bii finite, iar dimensiunea compact\u0103 permite mucegaiului s\u0103 \u00eencap\u0103 \u00een orice compartiment al congelatorului. Potrivit pentru congelarea apei, sucurilor, fructelor de p\u0103dure sau ierburilor. Dimensiuni: 11&#215;30,5&#215;3,5 cm.   <\/p>\n","protected":false},"excerpt":{"rendered":"<p>Forma de ghea\u021b\u0103 din plastic transparent f\u0103r\u0103 capac.<\/p>\n","protected":false},"featured_media":1748,"template":"","meta":[],"product_brand":[],"product_cat":[98],"product_tag":[],"class_list":{"0":"post-4253","1":"product","2":"type-product","3":"status-publish","4":"has-post-thumbnail","6":"product_cat-organizatia-i-poreadok-na-kuhne","8":"first","9":"instock","10":"shipping-taxable","11":"purchasable","12":"product-type-simple"},"_links":{"self":[{"href":"https:\/\/moi-dom.md\/ro\/wp-json\/wp\/v2\/product\/4253","targetHints":{"allow":["GET"]}}],"collection":[{"href":"https:\/\/moi-dom.md\/ro\/wp-json\/wp\/v2\/product"}],"about":[{"href":"https:\/\/moi-dom.md\/ro\/wp-json\/wp\/v2\/types\/product"}],"version-history":[{"count":0,"href":"https:\/\/moi-dom.md\/ro\/wp-json\/wp\/v2\/product\/4253\/revisions"}],"wp:featuredmedia":[{"embeddable":true,"href":"https:\/\/moi-dom.md\/ro\/wp-json\/wp\/v2\/media\/1748"}],"wp:attachment":[{"href":"https:\/\/moi-dom.md\/ro\/wp-json\/wp\/v2\/media?parent=4253"}],"wp:term":[{"taxonomy":"product_brand","embeddable":true,"href":"https:\/\/moi-dom.md\/ro\/wp-json\/wp\/v2\/product_brand?post=4253"},{"taxonomy":"product_cat","embeddable":true,"href":"https:\/\/moi-dom.md\/ro\/wp-json\/wp\/v2\/product_cat?post=4253"},{"taxonomy":"product_tag","embeddable":true,"href":"https:\/\/moi-dom.md\/ro\/wp-json\/wp\/v2\/product_tag?post=4253"}],"curies":[{"name":"wp","href":"https:\/\/api.w.org\/{rel}","templated":true}]}}