{"id":4241,"date":"2025-11-01T16:38:06","date_gmt":"2025-11-01T16:38:06","guid":{"rendered":"https:\/\/moi-dom.md\/product\/forma-de-gheata-cu-capac\/"},"modified":"2025-11-01T16:38:06","modified_gmt":"2025-11-01T16:38:06","slug":"forma-de-gheata-cu-capac","status":"publish","type":"product","link":"https:\/\/moi-dom.md\/ro\/produs\/forma-de-gheata-cu-capac\/","title":{"rendered":"Forma de ghea\u021b\u0103 cu capac"},"content":{"rendered":"<p>Forma de ghea\u021b\u0103 din plastic cu capac este fabricat\u0103 din material durabil \u0219i sigur pentru alimente. Capacul protejeaz\u0103 con\u021binutul de scurgeri \u0219i mirosuri \u00een congelator, \u00een timp ce designul convenabil faciliteaz\u0103 \u00eendep\u0103rtarea cuburilor de ghea\u021b\u0103. Ideal pentru prepararea ghe\u021bii, congelarea ierburilor, fructelor de p\u0103dure sau a por\u021biilor mici de sosuri. Forma compact\u0103 economise\u0219te spa\u021biu \u00een congelator. Dimensiuni: 25,3&#215;8,9&#215;3,9 cm.    <\/p>\n","protected":false},"excerpt":{"rendered":"<p>Forma de ghea\u021b\u0103 cu capac este o solu\u021bie convenabil\u0103 pentru congelarea \u0219i depozitarea cuburilor de ghea\u021b\u0103.<\/p>\n","protected":false},"featured_media":3034,"template":"","meta":[],"product_brand":[],"product_cat":[98],"product_tag":[],"class_list":{"0":"post-4241","1":"product","2":"type-product","3":"status-publish","4":"has-post-thumbnail","6":"product_cat-organizatia-i-poreadok-na-kuhne","7":"pa_color-milky","8":"pa_color-grey","9":"pa_color-muted-gray-blue","10":"pa_color-olive-green","12":"first","13":"instock","14":"shipping-taxable","15":"purchasable","16":"product-type-variable"},"_links":{"self":[{"href":"https:\/\/moi-dom.md\/ro\/wp-json\/wp\/v2\/product\/4241","targetHints":{"allow":["GET"]}}],"collection":[{"href":"https:\/\/moi-dom.md\/ro\/wp-json\/wp\/v2\/product"}],"about":[{"href":"https:\/\/moi-dom.md\/ro\/wp-json\/wp\/v2\/types\/product"}],"version-history":[{"count":0,"href":"https:\/\/moi-dom.md\/ro\/wp-json\/wp\/v2\/product\/4241\/revisions"}],"wp:featuredmedia":[{"embeddable":true,"href":"https:\/\/moi-dom.md\/ro\/wp-json\/wp\/v2\/media\/3034"}],"wp:attachment":[{"href":"https:\/\/moi-dom.md\/ro\/wp-json\/wp\/v2\/media?parent=4241"}],"wp:term":[{"taxonomy":"product_brand","embeddable":true,"href":"https:\/\/moi-dom.md\/ro\/wp-json\/wp\/v2\/product_brand?post=4241"},{"taxonomy":"product_cat","embeddable":true,"href":"https:\/\/moi-dom.md\/ro\/wp-json\/wp\/v2\/product_cat?post=4241"},{"taxonomy":"product_tag","embeddable":true,"href":"https:\/\/moi-dom.md\/ro\/wp-json\/wp\/v2\/product_tag?post=4241"}],"curies":[{"name":"wp","href":"https:\/\/api.w.org\/{rel}","templated":true}]}}