{"id":4234,"date":"2025-11-01T16:38:06","date_gmt":"2025-11-01T16:38:06","guid":{"rendered":"https:\/\/moi-dom.md\/product\/recipient-din-plastic-pentru-oua\/"},"modified":"2025-11-01T16:38:06","modified_gmt":"2025-11-01T16:38:06","slug":"recipient-din-plastic-pentru-oua","status":"publish","type":"product","link":"https:\/\/moi-dom.md\/ro\/produs\/recipient-din-plastic-pentru-oua\/","title":{"rendered":"Recipient din plastic pentru ou\u0103"},"content":{"rendered":"<p>Recipient robust \u0219i u\u0219or din plastic alimentar transparent pentru depozitarea ou\u0103lor. Echipat cu un capac cu \u00eenchidere etan\u0219\u0103 care protejeaz\u0103 con\u021binutul de deterior\u0103ri \u0219i mirosuri. Forma compact\u0103 v\u0103 permite s\u0103 plasa\u021bi convenabil recipientul \u00een frigider sau s\u0103 \u00eel lua\u021bi cu dvs. pe drum. Ideal pentru utilizare multipl\u0103. Dimensiuni: 26,5&#215;12,5&#215;7 cm.    <\/p>\n","protected":false},"excerpt":{"rendered":"<p>Recipient din plastic pentru ou\u0103 &#8211; depozitare convenabil\u0103 \u0219i sigur\u0103 a ou\u0103lor \u00een frigider.<\/p>\n","protected":false},"featured_media":1750,"template":"","meta":[],"product_brand":[],"product_cat":[98],"product_tag":[],"class_list":{"0":"post-4234","1":"product","2":"type-product","3":"status-publish","4":"has-post-thumbnail","6":"product_cat-organizatia-i-poreadok-na-kuhne","8":"first","9":"instock","10":"shipping-taxable","11":"purchasable","12":"product-type-simple"},"_links":{"self":[{"href":"https:\/\/moi-dom.md\/ro\/wp-json\/wp\/v2\/product\/4234","targetHints":{"allow":["GET"]}}],"collection":[{"href":"https:\/\/moi-dom.md\/ro\/wp-json\/wp\/v2\/product"}],"about":[{"href":"https:\/\/moi-dom.md\/ro\/wp-json\/wp\/v2\/types\/product"}],"version-history":[{"count":0,"href":"https:\/\/moi-dom.md\/ro\/wp-json\/wp\/v2\/product\/4234\/revisions"}],"wp:featuredmedia":[{"embeddable":true,"href":"https:\/\/moi-dom.md\/ro\/wp-json\/wp\/v2\/media\/1750"}],"wp:attachment":[{"href":"https:\/\/moi-dom.md\/ro\/wp-json\/wp\/v2\/media?parent=4234"}],"wp:term":[{"taxonomy":"product_brand","embeddable":true,"href":"https:\/\/moi-dom.md\/ro\/wp-json\/wp\/v2\/product_brand?post=4234"},{"taxonomy":"product_cat","embeddable":true,"href":"https:\/\/moi-dom.md\/ro\/wp-json\/wp\/v2\/product_cat?post=4234"},{"taxonomy":"product_tag","embeddable":true,"href":"https:\/\/moi-dom.md\/ro\/wp-json\/wp\/v2\/product_tag?post=4234"}],"curies":[{"name":"wp","href":"https:\/\/api.w.org\/{rel}","templated":true}]}}