{"id":4211,"date":"2025-11-01T16:38:07","date_gmt":"2025-11-01T16:38:07","guid":{"rendered":"https:\/\/moi-dom.md\/product\/organizator-cu-maner\/"},"modified":"2025-11-01T16:38:07","modified_gmt":"2025-11-01T16:38:07","slug":"organizator-cu-maner","status":"publish","type":"product","link":"https:\/\/moi-dom.md\/ro\/produs\/organizator-cu-maner\/","title":{"rendered":"Organizator cu m\u00e2ner"},"content":{"rendered":"<p>Organizator practic din plastic cu m\u00e2ner robust pentru transport. Echipat cu mai multe compartimente pentru depozitarea substan\u021belor chimice de uz casnic, detergen\u021bilor, uneltelor sau accesoriilor. Fabricat din plastic durabil, rezistent la umiditate \u0219i impact. Ideal pentru utilizare la domiciliu, \u00een baie, buc\u0103t\u0103rie sau pentru echipamente de cur\u0103\u021benie. Dimensiuni: 34,5x25x19,5 cm.    <\/p>\n","protected":false},"excerpt":{"rendered":"<p>Organizator din plastic cu m\u00e2ner.<\/p>\n","protected":false},"featured_media":1655,"template":"","meta":[],"product_brand":[],"product_cat":[106],"product_tag":[],"class_list":{"0":"post-4211","1":"product","2":"type-product","3":"status-publish","4":"has-post-thumbnail","6":"product_cat-organizare-si-ordine-in-bucatarie","8":"first","9":"instock","10":"shipping-taxable","11":"purchasable","12":"product-type-simple"},"_links":{"self":[{"href":"https:\/\/moi-dom.md\/ro\/wp-json\/wp\/v2\/product\/4211","targetHints":{"allow":["GET"]}}],"collection":[{"href":"https:\/\/moi-dom.md\/ro\/wp-json\/wp\/v2\/product"}],"about":[{"href":"https:\/\/moi-dom.md\/ro\/wp-json\/wp\/v2\/types\/product"}],"version-history":[{"count":0,"href":"https:\/\/moi-dom.md\/ro\/wp-json\/wp\/v2\/product\/4211\/revisions"}],"wp:featuredmedia":[{"embeddable":true,"href":"https:\/\/moi-dom.md\/ro\/wp-json\/wp\/v2\/media\/1655"}],"wp:attachment":[{"href":"https:\/\/moi-dom.md\/ro\/wp-json\/wp\/v2\/media?parent=4211"}],"wp:term":[{"taxonomy":"product_brand","embeddable":true,"href":"https:\/\/moi-dom.md\/ro\/wp-json\/wp\/v2\/product_brand?post=4211"},{"taxonomy":"product_cat","embeddable":true,"href":"https:\/\/moi-dom.md\/ro\/wp-json\/wp\/v2\/product_cat?post=4211"},{"taxonomy":"product_tag","embeddable":true,"href":"https:\/\/moi-dom.md\/ro\/wp-json\/wp\/v2\/product_tag?post=4211"}],"curies":[{"name":"wp","href":"https:\/\/api.w.org\/{rel}","templated":true}]}}