{"id":4205,"date":"2025-11-01T16:38:07","date_gmt":"2025-11-01T16:38:07","guid":{"rendered":"https:\/\/moi-dom.md\/product\/organizator-de-farfurii\/"},"modified":"2025-11-24T17:42:43","modified_gmt":"2025-11-24T17:42:43","slug":"organizator-de-farfurii","status":"publish","type":"product","link":"https:\/\/moi-dom.md\/ro\/produs\/organizator-de-farfurii\/","title":{"rendered":"Organizator de farfurii"},"content":{"rendered":"<p>Organizator practic din plastic pentru depozitarea farfuriilor \u0219i a capacelor. Potrivit pentru utilizare \u00een dulap, pe raftul de buc\u0103t\u0103rie sau \u00een scurgere. Pozi\u021bionarea vertical\u0103 economise\u0219te spa\u021biu \u0219i permite accesul u\u0219or la farfurii. Fabricat din plastic durabil, u\u0219or de cur\u0103\u021bat \u0219i rezistent la umezeal\u0103. O solu\u021bie excelent\u0103 pentru a v\u0103 men\u021bine buc\u0103t\u0103ria ordonat\u0103. Dimensiuni: 23x10x15 cm.     <\/p>\n","protected":false},"excerpt":{"rendered":"<p>Organizator de farfurii din plastic.<\/p>\n","protected":false},"featured_media":5768,"template":"","meta":[],"product_brand":[],"product_cat":[98],"product_tag":[],"class_list":{"0":"post-4205","1":"product","2":"type-product","3":"status-publish","4":"has-post-thumbnail","6":"product_cat-organizatia-i-poreadok-na-kuhne","7":"pa_color-white","8":"pa_color-grey","10":"first","11":"instock","12":"shipping-taxable","13":"purchasable","14":"product-type-variable"},"_links":{"self":[{"href":"https:\/\/moi-dom.md\/ro\/wp-json\/wp\/v2\/product\/4205","targetHints":{"allow":["GET"]}}],"collection":[{"href":"https:\/\/moi-dom.md\/ro\/wp-json\/wp\/v2\/product"}],"about":[{"href":"https:\/\/moi-dom.md\/ro\/wp-json\/wp\/v2\/types\/product"}],"version-history":[{"count":1,"href":"https:\/\/moi-dom.md\/ro\/wp-json\/wp\/v2\/product\/4205\/revisions"}],"predecessor-version":[{"id":5770,"href":"https:\/\/moi-dom.md\/ro\/wp-json\/wp\/v2\/product\/4205\/revisions\/5770"}],"wp:featuredmedia":[{"embeddable":true,"href":"https:\/\/moi-dom.md\/ro\/wp-json\/wp\/v2\/media\/5768"}],"wp:attachment":[{"href":"https:\/\/moi-dom.md\/ro\/wp-json\/wp\/v2\/media?parent=4205"}],"wp:term":[{"taxonomy":"product_brand","embeddable":true,"href":"https:\/\/moi-dom.md\/ro\/wp-json\/wp\/v2\/product_brand?post=4205"},{"taxonomy":"product_cat","embeddable":true,"href":"https:\/\/moi-dom.md\/ro\/wp-json\/wp\/v2\/product_cat?post=4205"},{"taxonomy":"product_tag","embeddable":true,"href":"https:\/\/moi-dom.md\/ro\/wp-json\/wp\/v2\/product_tag?post=4205"}],"curies":[{"name":"wp","href":"https:\/\/api.w.org\/{rel}","templated":true}]}}