{"id":4201,"date":"2025-11-01T16:38:07","date_gmt":"2025-11-01T16:38:07","guid":{"rendered":"https:\/\/moi-dom.md\/product\/organizator-cu-capac\/"},"modified":"2025-11-01T16:38:07","modified_gmt":"2025-11-01T16:38:07","slug":"organizator-cu-capac","status":"publish","type":"product","link":"https:\/\/moi-dom.md\/ro\/produs\/organizator-cu-capac\/","title":{"rendered":"Organizator cu capac"},"content":{"rendered":"<p>Recipient spa\u021bios din plastic transparent rezistent, cu capac, conceput pentru depozitarea comod\u0103 \u0219i ordonat\u0103 a alimentelor \u00een frigider sau pe rafturile din buc\u0103t\u0103rie. Fundul canelat previne acumularea umezelii, iar pere\u021bii transparen\u021bi permit vizualizarea cu u\u0219urin\u021b\u0103 a con\u021binutului. Capacul se \u00eenchide ermetic, men\u021bin\u00e2nd alimentele proaspete \u0219i prevenind r\u0103sp\u00e2ndirea mirosurilor. Ideal\u0103 pentru legume, fructe, br\u00e2nz\u0103 \u0219i alte alimente. Dimensiuni: 37,5 x 20,5 x 10 cm.    <\/p>\n","protected":false},"excerpt":{"rendered":"<p>Recipient din plastic transparent cu capac pentru depozitarea alimentelor.<\/p>\n","protected":false},"featured_media":1618,"template":"","meta":[],"product_brand":[],"product_cat":[98],"product_tag":[],"class_list":{"0":"post-4201","1":"product","2":"type-product","3":"status-publish","4":"has-post-thumbnail","6":"product_cat-organizatia-i-poreadok-na-kuhne","8":"first","9":"instock","10":"shipping-taxable","11":"purchasable","12":"product-type-simple"},"_links":{"self":[{"href":"https:\/\/moi-dom.md\/ro\/wp-json\/wp\/v2\/product\/4201","targetHints":{"allow":["GET"]}}],"collection":[{"href":"https:\/\/moi-dom.md\/ro\/wp-json\/wp\/v2\/product"}],"about":[{"href":"https:\/\/moi-dom.md\/ro\/wp-json\/wp\/v2\/types\/product"}],"version-history":[{"count":0,"href":"https:\/\/moi-dom.md\/ro\/wp-json\/wp\/v2\/product\/4201\/revisions"}],"wp:featuredmedia":[{"embeddable":true,"href":"https:\/\/moi-dom.md\/ro\/wp-json\/wp\/v2\/media\/1618"}],"wp:attachment":[{"href":"https:\/\/moi-dom.md\/ro\/wp-json\/wp\/v2\/media?parent=4201"}],"wp:term":[{"taxonomy":"product_brand","embeddable":true,"href":"https:\/\/moi-dom.md\/ro\/wp-json\/wp\/v2\/product_brand?post=4201"},{"taxonomy":"product_cat","embeddable":true,"href":"https:\/\/moi-dom.md\/ro\/wp-json\/wp\/v2\/product_cat?post=4201"},{"taxonomy":"product_tag","embeddable":true,"href":"https:\/\/moi-dom.md\/ro\/wp-json\/wp\/v2\/product_tag?post=4201"}],"curies":[{"name":"wp","href":"https:\/\/api.w.org\/{rel}","templated":true}]}}