{"id":4185,"date":"2025-11-01T16:38:07","date_gmt":"2025-11-01T16:38:07","guid":{"rendered":"https:\/\/moi-dom.md\/product\/recipient-de-15-litri\/"},"modified":"2025-11-19T14:26:50","modified_gmt":"2025-11-19T14:26:50","slug":"recipient-de-15-litri","status":"publish","type":"product","link":"https:\/\/moi-dom.md\/ro\/produs\/recipient-de-15-litri\/","title":{"rendered":"Recipient de 1,5 litri"},"content":{"rendered":"<p>Recipient compact, transparent, fabricat din plastic rezistent de calitate alimentar\u0103, echipat cu un capac cu \u00eenchidere etan\u0219\u0103, cu \u00eenchiz\u0103toare laterale sigure. Potrivit pentru depozitarea alimentelor, articolelor mici, papet\u0103riei sau accesoriilor. Designul etan\u0219 previne p\u0103trunderea umezelii \u0219i a mirosurilor. Dimensiunea convenabil\u0103 face ca recipientul s\u0103 fie practic pentru utilizare acas\u0103, la birou sau pe drum. Dimensiuni: 14x10x21 cm.    <\/p>\n","protected":false},"excerpt":{"rendered":"<p>Recipient din plastic transparent cu capac etan\u0219 \u0219i \u00eenchiz\u0103toare.<\/p>\n","protected":false},"featured_media":4186,"template":"","meta":[],"product_brand":[],"product_cat":[98,201],"product_tag":[],"class_list":{"0":"post-4185","1":"product","2":"type-product","3":"status-publish","4":"has-post-thumbnail","6":"product_cat-organizatia-i-poreadok-na-kuhne","7":"product_cat-konteineri-dlea-hranenia-pishi","9":"first","10":"instock","11":"shipping-taxable","12":"purchasable","13":"product-type-simple"},"_links":{"self":[{"href":"https:\/\/moi-dom.md\/ro\/wp-json\/wp\/v2\/product\/4185","targetHints":{"allow":["GET"]}}],"collection":[{"href":"https:\/\/moi-dom.md\/ro\/wp-json\/wp\/v2\/product"}],"about":[{"href":"https:\/\/moi-dom.md\/ro\/wp-json\/wp\/v2\/types\/product"}],"version-history":[{"count":1,"href":"https:\/\/moi-dom.md\/ro\/wp-json\/wp\/v2\/product\/4185\/revisions"}],"predecessor-version":[{"id":5484,"href":"https:\/\/moi-dom.md\/ro\/wp-json\/wp\/v2\/product\/4185\/revisions\/5484"}],"wp:featuredmedia":[{"embeddable":true,"href":"https:\/\/moi-dom.md\/ro\/wp-json\/wp\/v2\/media\/4186"}],"wp:attachment":[{"href":"https:\/\/moi-dom.md\/ro\/wp-json\/wp\/v2\/media?parent=4185"}],"wp:term":[{"taxonomy":"product_brand","embeddable":true,"href":"https:\/\/moi-dom.md\/ro\/wp-json\/wp\/v2\/product_brand?post=4185"},{"taxonomy":"product_cat","embeddable":true,"href":"https:\/\/moi-dom.md\/ro\/wp-json\/wp\/v2\/product_cat?post=4185"},{"taxonomy":"product_tag","embeddable":true,"href":"https:\/\/moi-dom.md\/ro\/wp-json\/wp\/v2\/product_tag?post=4185"}],"curies":[{"name":"wp","href":"https:\/\/api.w.org\/{rel}","templated":true}]}}