{"id":4178,"date":"2025-11-01T16:38:07","date_gmt":"2025-11-01T16:38:07","guid":{"rendered":"https:\/\/moi-dom.md\/product\/organizator-2\/"},"modified":"2025-11-01T16:38:07","modified_gmt":"2025-11-01T16:38:07","slug":"organizator-2","status":"publish","type":"product","link":"https:\/\/moi-dom.md\/ro\/produs\/organizator-2\/","title":{"rendered":"Organizator"},"content":{"rendered":"<p>Organizator practic din plastic cu patru compartimente ad\u00e2nci. Potrivit pentru depozitarea ustensilelor de buc\u0103t\u0103rie, a articolelor de papet\u0103rie, a cosmeticelor sau a obiectelor de uz casnic mici. Fabricat din plastic durabil, u\u0219or de cur\u0103\u021bat \u0219i nu se va deforma cu utilizarea zilnic\u0103. Ideal pentru a men\u021bine sertarele, rafturile sau dulapurile ordonate. Dimensiuni: 15,3&#215;30,8&#215;8 cm.<\/p>\n","protected":false},"excerpt":{"rendered":"<p>Organizator din plastic cu patru compartimente.<\/p>\n","protected":false},"featured_media":1660,"template":"","meta":[],"product_brand":[],"product_cat":[199,106],"product_tag":[],"class_list":{"0":"post-4178","1":"product","2":"type-product","3":"status-publish","4":"has-post-thumbnail","6":"product_cat-depozitarea-si-organizarea-spatiului","7":"product_cat-organizare-si-ordine-in-bucatarie","9":"first","10":"instock","11":"shipping-taxable","12":"purchasable","13":"product-type-simple"},"_links":{"self":[{"href":"https:\/\/moi-dom.md\/ro\/wp-json\/wp\/v2\/product\/4178","targetHints":{"allow":["GET"]}}],"collection":[{"href":"https:\/\/moi-dom.md\/ro\/wp-json\/wp\/v2\/product"}],"about":[{"href":"https:\/\/moi-dom.md\/ro\/wp-json\/wp\/v2\/types\/product"}],"version-history":[{"count":0,"href":"https:\/\/moi-dom.md\/ro\/wp-json\/wp\/v2\/product\/4178\/revisions"}],"wp:featuredmedia":[{"embeddable":true,"href":"https:\/\/moi-dom.md\/ro\/wp-json\/wp\/v2\/media\/1660"}],"wp:attachment":[{"href":"https:\/\/moi-dom.md\/ro\/wp-json\/wp\/v2\/media?parent=4178"}],"wp:term":[{"taxonomy":"product_brand","embeddable":true,"href":"https:\/\/moi-dom.md\/ro\/wp-json\/wp\/v2\/product_brand?post=4178"},{"taxonomy":"product_cat","embeddable":true,"href":"https:\/\/moi-dom.md\/ro\/wp-json\/wp\/v2\/product_cat?post=4178"},{"taxonomy":"product_tag","embeddable":true,"href":"https:\/\/moi-dom.md\/ro\/wp-json\/wp\/v2\/product_tag?post=4178"}],"curies":[{"name":"wp","href":"https:\/\/api.w.org\/{rel}","templated":true}]}}