{"id":4176,"date":"2025-11-01T16:38:07","date_gmt":"2025-11-01T16:38:07","guid":{"rendered":"https:\/\/moi-dom.md\/product\/organizator\/"},"modified":"2025-11-01T16:38:07","modified_gmt":"2025-11-01T16:38:07","slug":"organizator","status":"publish","type":"product","link":"https:\/\/moi-dom.md\/ro\/produs\/organizator\/","title":{"rendered":"Organizator"},"content":{"rendered":"<p>Organizator practic din plastic cu g\u0103uri de ventila\u021bie \u0219i separatoare deta\u0219abile care v\u0103 permit s\u0103 ajusta\u021bi dimensiunea compartimentelor. Potrivit pentru depozitarea cosmeticelor, a produselor de \u00eengrijire, a articolelor de papet\u0103rie sau a articolelor mici de uz casnic. Fabricat din plastic rezistent, u\u0219or de cur\u0103\u021bat \u0219i nu absoarbe mirosurile. Datorit\u0103 formei sale inteligente, organizatorul se potrive\u0219te compact \u00een sertare, pe rafturi sau \u00een baie, ajut\u00e2nd la men\u021binerea ordinii. Dimensiuni: 11,2&#215;31,5&#215;6,4 cm.    <\/p>\n","protected":false},"excerpt":{"rendered":"<p>Organizator din plastic cu separatoare reglabile.<\/p>\n","protected":false},"featured_media":1658,"template":"","meta":[],"product_brand":[],"product_cat":[198,98],"product_tag":[],"class_list":{"0":"post-4176","1":"product","2":"type-product","3":"status-publish","4":"has-post-thumbnail","6":"product_cat-hranenie-i-organizatia-prostranstva","7":"product_cat-organizatia-i-poreadok-na-kuhne","9":"first","10":"instock","11":"shipping-taxable","12":"purchasable","13":"product-type-simple"},"_links":{"self":[{"href":"https:\/\/moi-dom.md\/ro\/wp-json\/wp\/v2\/product\/4176","targetHints":{"allow":["GET"]}}],"collection":[{"href":"https:\/\/moi-dom.md\/ro\/wp-json\/wp\/v2\/product"}],"about":[{"href":"https:\/\/moi-dom.md\/ro\/wp-json\/wp\/v2\/types\/product"}],"version-history":[{"count":0,"href":"https:\/\/moi-dom.md\/ro\/wp-json\/wp\/v2\/product\/4176\/revisions"}],"wp:featuredmedia":[{"embeddable":true,"href":"https:\/\/moi-dom.md\/ro\/wp-json\/wp\/v2\/media\/1658"}],"wp:attachment":[{"href":"https:\/\/moi-dom.md\/ro\/wp-json\/wp\/v2\/media?parent=4176"}],"wp:term":[{"taxonomy":"product_brand","embeddable":true,"href":"https:\/\/moi-dom.md\/ro\/wp-json\/wp\/v2\/product_brand?post=4176"},{"taxonomy":"product_cat","embeddable":true,"href":"https:\/\/moi-dom.md\/ro\/wp-json\/wp\/v2\/product_cat?post=4176"},{"taxonomy":"product_tag","embeddable":true,"href":"https:\/\/moi-dom.md\/ro\/wp-json\/wp\/v2\/product_tag?post=4176"}],"curies":[{"name":"wp","href":"https:\/\/api.w.org\/{rel}","templated":true}]}}