{"id":4163,"date":"2025-11-01T16:38:08","date_gmt":"2025-11-01T16:38:08","guid":{"rendered":"https:\/\/moi-dom.md\/product\/recipient-17-litri\/"},"modified":"2025-11-19T14:24:37","modified_gmt":"2025-11-19T14:24:37","slug":"recipient-17-litri","status":"publish","type":"product","link":"https:\/\/moi-dom.md\/ro\/produs\/recipient-17-litri\/","title":{"rendered":"Recipient 17 litri"},"content":{"rendered":"<p>Recipient transparent practic fabricat din plastic rezistent. Echipat cu un capac convenabil cu \u00eencuietori laterale str\u00e2nse care asigur\u0103 o \u00eenchidere sigur\u0103 \u0219i o etan\u0219are etan\u0219\u0103. Potrivit pentru depozitarea cump\u0103r\u0103turilor, articolelor de uz casnic, uneltelor \u0219i accesoriilor. Pere\u021bii transparen\u021bi faciliteaz\u0103 vederea con\u021binutului, iar construc\u021bia robust\u0103 asigur\u0103 durabilitate \u0219i u\u0219urin\u021b\u0103 \u00een utilizare. Dimensiune: 18x31x45cm.<\/p>\n","protected":false},"excerpt":{"rendered":"<p>Recipient din plastic transparent cu capac etan\u0219 \u0219i \u00eenchiz\u0103toare.<\/p>\n","protected":false},"featured_media":3002,"template":"","meta":[],"product_brand":[],"product_cat":[199,106,202],"product_tag":[],"class_list":{"0":"post-4163","1":"product","2":"type-product","3":"status-publish","4":"has-post-thumbnail","6":"product_cat-depozitarea-si-organizarea-spatiului","7":"product_cat-organizare-si-ordine-in-bucatarie","8":"product_cat-recipiente-pentru-depozitarea-alimentelor","10":"first","11":"instock","12":"shipping-taxable","13":"purchasable","14":"product-type-simple"},"_links":{"self":[{"href":"https:\/\/moi-dom.md\/ro\/wp-json\/wp\/v2\/product\/4163","targetHints":{"allow":["GET"]}}],"collection":[{"href":"https:\/\/moi-dom.md\/ro\/wp-json\/wp\/v2\/product"}],"about":[{"href":"https:\/\/moi-dom.md\/ro\/wp-json\/wp\/v2\/types\/product"}],"version-history":[{"count":1,"href":"https:\/\/moi-dom.md\/ro\/wp-json\/wp\/v2\/product\/4163\/revisions"}],"predecessor-version":[{"id":5479,"href":"https:\/\/moi-dom.md\/ro\/wp-json\/wp\/v2\/product\/4163\/revisions\/5479"}],"wp:featuredmedia":[{"embeddable":true,"href":"https:\/\/moi-dom.md\/ro\/wp-json\/wp\/v2\/media\/3002"}],"wp:attachment":[{"href":"https:\/\/moi-dom.md\/ro\/wp-json\/wp\/v2\/media?parent=4163"}],"wp:term":[{"taxonomy":"product_brand","embeddable":true,"href":"https:\/\/moi-dom.md\/ro\/wp-json\/wp\/v2\/product_brand?post=4163"},{"taxonomy":"product_cat","embeddable":true,"href":"https:\/\/moi-dom.md\/ro\/wp-json\/wp\/v2\/product_cat?post=4163"},{"taxonomy":"product_tag","embeddable":true,"href":"https:\/\/moi-dom.md\/ro\/wp-json\/wp\/v2\/product_tag?post=4163"}],"curies":[{"name":"wp","href":"https:\/\/api.w.org\/{rel}","templated":true}]}}