{"id":4156,"date":"2025-11-01T16:38:08","date_gmt":"2025-11-01T16:38:08","guid":{"rendered":"https:\/\/moi-dom.md\/product\/recipient-125-litri\/"},"modified":"2025-11-19T14:23:50","modified_gmt":"2025-11-19T14:23:50","slug":"recipient-125-litri","status":"publish","type":"product","link":"https:\/\/moi-dom.md\/ro\/produs\/recipient-125-litri\/","title":{"rendered":"Recipient 12,5 litri"},"content":{"rendered":"<p>Recipient transparent practic fabricat din plastic rezistent. Echipat cu un capac convenabil cu \u00eencuietori laterale str\u00e2nse care asigur\u0103 o \u00eenchidere sigur\u0103 \u0219i o etan\u0219are etan\u0219\u0103. Potrivit pentru depozitarea cump\u0103r\u0103turilor, articolelor de uz casnic, uneltelor \u0219i accesoriilor. Pere\u021bii transparen\u021bi faciliteaz\u0103 vederea con\u021binutului, iar construc\u021bia robust\u0103 asigur\u0103 durabilitate \u0219i u\u0219urin\u021b\u0103 \u00een utilizare. Dimensiune: 17&#215;27.5x40cm.<\/p>\n","protected":false},"excerpt":{"rendered":"<p>Recipient din plastic transparent cu capac etan\u0219 \u0219i \u00eenchiz\u0103toare.<\/p>\n","protected":false},"featured_media":3001,"template":"","meta":[],"product_brand":[],"product_cat":[106,202],"product_tag":[],"class_list":{"0":"post-4156","1":"product","2":"type-product","3":"status-publish","4":"has-post-thumbnail","6":"product_cat-organizare-si-ordine-in-bucatarie","7":"product_cat-recipiente-pentru-depozitarea-alimentelor","9":"first","10":"instock","11":"shipping-taxable","12":"purchasable","13":"product-type-simple"},"_links":{"self":[{"href":"https:\/\/moi-dom.md\/ro\/wp-json\/wp\/v2\/product\/4156","targetHints":{"allow":["GET"]}}],"collection":[{"href":"https:\/\/moi-dom.md\/ro\/wp-json\/wp\/v2\/product"}],"about":[{"href":"https:\/\/moi-dom.md\/ro\/wp-json\/wp\/v2\/types\/product"}],"version-history":[{"count":1,"href":"https:\/\/moi-dom.md\/ro\/wp-json\/wp\/v2\/product\/4156\/revisions"}],"predecessor-version":[{"id":5477,"href":"https:\/\/moi-dom.md\/ro\/wp-json\/wp\/v2\/product\/4156\/revisions\/5477"}],"wp:featuredmedia":[{"embeddable":true,"href":"https:\/\/moi-dom.md\/ro\/wp-json\/wp\/v2\/media\/3001"}],"wp:attachment":[{"href":"https:\/\/moi-dom.md\/ro\/wp-json\/wp\/v2\/media?parent=4156"}],"wp:term":[{"taxonomy":"product_brand","embeddable":true,"href":"https:\/\/moi-dom.md\/ro\/wp-json\/wp\/v2\/product_brand?post=4156"},{"taxonomy":"product_cat","embeddable":true,"href":"https:\/\/moi-dom.md\/ro\/wp-json\/wp\/v2\/product_cat?post=4156"},{"taxonomy":"product_tag","embeddable":true,"href":"https:\/\/moi-dom.md\/ro\/wp-json\/wp\/v2\/product_tag?post=4156"}],"curies":[{"name":"wp","href":"https:\/\/api.w.org\/{rel}","templated":true}]}}