{"id":4145,"date":"2025-11-01T16:38:08","date_gmt":"2025-11-01T16:38:08","guid":{"rendered":"https:\/\/moi-dom.md\/product\/recipient-5-litri\/"},"modified":"2025-11-19T14:22:50","modified_gmt":"2025-11-19T14:22:50","slug":"recipient-5-litri","status":"publish","type":"product","link":"https:\/\/moi-dom.md\/ro\/produs\/recipient-5-litri\/","title":{"rendered":"Recipient 5 litri"},"content":{"rendered":"<p>Recipient compact, transparent, fabricat din plastic alimentar rezistent, cu un capac care se \u00eenchide ermetic cu \u00eenchiz\u0103tori laterale sigure. Potrivit pentru depozitarea alimentelor, articolelor mici, papet\u0103riei sau accesoriilor. Designul sigilat previne p\u0103trunderea umezelii \u0219i a mirosurilor. Dimensiunea convenabil\u0103 face ca recipientul s\u0103 fie practic pentru utilizare acas\u0103, la birou sau \u00een deplasare. Dimensiuni: 13,5x21x30,5 cm.<\/p>\n","protected":false},"excerpt":{"rendered":"<p>Recipient din plastic transparent cu capac etan\u0219 \u0219i \u00eenchiz\u0103toare.<\/p>\n","protected":false},"featured_media":2998,"template":"","meta":[],"product_brand":[],"product_cat":[106,202],"product_tag":[],"class_list":{"0":"post-4145","1":"product","2":"type-product","3":"status-publish","4":"has-post-thumbnail","6":"product_cat-organizare-si-ordine-in-bucatarie","7":"product_cat-recipiente-pentru-depozitarea-alimentelor","9":"first","10":"instock","11":"shipping-taxable","12":"purchasable","13":"product-type-simple"},"_links":{"self":[{"href":"https:\/\/moi-dom.md\/ro\/wp-json\/wp\/v2\/product\/4145","targetHints":{"allow":["GET"]}}],"collection":[{"href":"https:\/\/moi-dom.md\/ro\/wp-json\/wp\/v2\/product"}],"about":[{"href":"https:\/\/moi-dom.md\/ro\/wp-json\/wp\/v2\/types\/product"}],"version-history":[{"count":1,"href":"https:\/\/moi-dom.md\/ro\/wp-json\/wp\/v2\/product\/4145\/revisions"}],"predecessor-version":[{"id":5471,"href":"https:\/\/moi-dom.md\/ro\/wp-json\/wp\/v2\/product\/4145\/revisions\/5471"}],"wp:featuredmedia":[{"embeddable":true,"href":"https:\/\/moi-dom.md\/ro\/wp-json\/wp\/v2\/media\/2998"}],"wp:attachment":[{"href":"https:\/\/moi-dom.md\/ro\/wp-json\/wp\/v2\/media?parent=4145"}],"wp:term":[{"taxonomy":"product_brand","embeddable":true,"href":"https:\/\/moi-dom.md\/ro\/wp-json\/wp\/v2\/product_brand?post=4145"},{"taxonomy":"product_cat","embeddable":true,"href":"https:\/\/moi-dom.md\/ro\/wp-json\/wp\/v2\/product_cat?post=4145"},{"taxonomy":"product_tag","embeddable":true,"href":"https:\/\/moi-dom.md\/ro\/wp-json\/wp\/v2\/product_tag?post=4145"}],"curies":[{"name":"wp","href":"https:\/\/api.w.org\/{rel}","templated":true}]}}