{"id":4114,"date":"2025-11-01T16:38:11","date_gmt":"2025-11-01T16:38:11","guid":{"rendered":"https:\/\/moi-dom.md\/product\/recipient-11-litri\/"},"modified":"2025-11-19T14:19:30","modified_gmt":"2025-11-19T14:19:30","slug":"recipient-11-litri","status":"publish","type":"product","link":"https:\/\/moi-dom.md\/ro\/produs\/recipient-11-litri\/","title":{"rendered":"Recipient 11 litri"},"content":{"rendered":"<p>Recipient universal transparent fabricat din plastic rezistent, cu capac etan\u0219 \u0219i \u00eenchiz\u0103tori convenabile. Potrivit pentru depozitarea cump\u0103r\u0103turilor, articolelor de uz casnic, papet\u0103riei \u0219i a altor articole. Pere\u021bii transparen\u021bi faciliteaz\u0103 vederea con\u021binutului, \u00een timp ce \u00eencuietorile sigure asigur\u0103 o \u00eenchidere etan\u0219\u0103 \u0219i protec\u021bie \u00eempotriva umezelii \u0219i prafului. Forma compact\u0103 face ca recipientul s\u0103 fie u\u0219or de amplasat \u00een dulapuri, pe rafturi sau \u00een frigider. Dimensiune: 27.5&#215;25.5x28cm.<\/p>\n","protected":false},"excerpt":{"rendered":"<p>Recipient din plastic transparent cu capac \u0219i \u00eenchiz\u0103toare.<\/p>\n","protected":false},"featured_media":3066,"template":"","meta":[],"product_brand":[],"product_cat":[106,202],"product_tag":[],"class_list":{"0":"post-4114","1":"product","2":"type-product","3":"status-publish","4":"has-post-thumbnail","6":"product_cat-organizare-si-ordine-in-bucatarie","7":"product_cat-recipiente-pentru-depozitarea-alimentelor","9":"first","10":"instock","11":"shipping-taxable","12":"purchasable","13":"product-type-simple"},"_links":{"self":[{"href":"https:\/\/moi-dom.md\/ro\/wp-json\/wp\/v2\/product\/4114","targetHints":{"allow":["GET"]}}],"collection":[{"href":"https:\/\/moi-dom.md\/ro\/wp-json\/wp\/v2\/product"}],"about":[{"href":"https:\/\/moi-dom.md\/ro\/wp-json\/wp\/v2\/types\/product"}],"version-history":[{"count":1,"href":"https:\/\/moi-dom.md\/ro\/wp-json\/wp\/v2\/product\/4114\/revisions"}],"predecessor-version":[{"id":5455,"href":"https:\/\/moi-dom.md\/ro\/wp-json\/wp\/v2\/product\/4114\/revisions\/5455"}],"wp:featuredmedia":[{"embeddable":true,"href":"https:\/\/moi-dom.md\/ro\/wp-json\/wp\/v2\/media\/3066"}],"wp:attachment":[{"href":"https:\/\/moi-dom.md\/ro\/wp-json\/wp\/v2\/media?parent=4114"}],"wp:term":[{"taxonomy":"product_brand","embeddable":true,"href":"https:\/\/moi-dom.md\/ro\/wp-json\/wp\/v2\/product_brand?post=4114"},{"taxonomy":"product_cat","embeddable":true,"href":"https:\/\/moi-dom.md\/ro\/wp-json\/wp\/v2\/product_cat?post=4114"},{"taxonomy":"product_tag","embeddable":true,"href":"https:\/\/moi-dom.md\/ro\/wp-json\/wp\/v2\/product_tag?post=4114"}],"curies":[{"name":"wp","href":"https:\/\/api.w.org\/{rel}","templated":true}]}}