{"id":3994,"date":"2025-11-15T15:55:55","date_gmt":"2025-11-15T15:55:55","guid":{"rendered":"https:\/\/moi-dom.md\/product\/olita-pentru-copii-6\/"},"modified":"2025-11-15T15:55:55","modified_gmt":"2025-11-15T15:55:55","slug":"olita-pentru-copii-6","status":"publish","type":"product","link":"https:\/\/moi-dom.md\/ro\/produs\/olita-pentru-copii-6\/","title":{"rendered":"Oli\u021b\u0103 pentru copii"},"content":{"rendered":"<p>Acest oli\u021b\u0103 este conceput pentru a satisface nevoile copiilor mici \u00een faza de formare a toaletei. Forma ergonomic\u0103 asigur\u0103 confortul copilului \u0219i potrivirea corect\u0103. Cu baza sa stabil\u0103 \u0219i marginile netede, vasul este sigur de utilizat. Fabricat din plastic durabil, non-toxic, u\u0219or de cur\u0103\u021bat \u0219i nu absoarbe mirosurile. Compact \u0219i u\u0219or &#8211; potrivit pentru acas\u0103 \u0219i \u00een c\u0103l\u0103torii. Dimensiuni: 33&#215;31,5&#215;34,5 cm.<\/p>\n","protected":false},"excerpt":{"rendered":"<p>Oli\u021b\u0103 confortabil\u0103 \u0219i stabil\u0103 pentru bebelu\u0219i, fabricat\u0103 din plastic durabil. Ofer\u0103 confort \u0219i siguran\u021b\u0103 pentru bebelu\u0219ul dvs. \u00een timpul antrenamentului la toalet\u0103. U\u0219or de sp\u0103lat \u0219i de transportat.<\/p>\n","protected":false},"featured_media":3995,"template":"","meta":[],"product_brand":[],"product_cat":[123],"product_tag":[],"class_list":{"0":"post-3994","1":"product","2":"type-product","3":"status-publish","4":"has-post-thumbnail","6":"product_cat-articole-pentru-baie-si-toaleta","8":"first","9":"instock","10":"shipping-taxable","11":"purchasable","12":"product-type-simple"},"_links":{"self":[{"href":"https:\/\/moi-dom.md\/ro\/wp-json\/wp\/v2\/product\/3994","targetHints":{"allow":["GET"]}}],"collection":[{"href":"https:\/\/moi-dom.md\/ro\/wp-json\/wp\/v2\/product"}],"about":[{"href":"https:\/\/moi-dom.md\/ro\/wp-json\/wp\/v2\/types\/product"}],"version-history":[{"count":0,"href":"https:\/\/moi-dom.md\/ro\/wp-json\/wp\/v2\/product\/3994\/revisions"}],"wp:featuredmedia":[{"embeddable":true,"href":"https:\/\/moi-dom.md\/ro\/wp-json\/wp\/v2\/media\/3995"}],"wp:attachment":[{"href":"https:\/\/moi-dom.md\/ro\/wp-json\/wp\/v2\/media?parent=3994"}],"wp:term":[{"taxonomy":"product_brand","embeddable":true,"href":"https:\/\/moi-dom.md\/ro\/wp-json\/wp\/v2\/product_brand?post=3994"},{"taxonomy":"product_cat","embeddable":true,"href":"https:\/\/moi-dom.md\/ro\/wp-json\/wp\/v2\/product_cat?post=3994"},{"taxonomy":"product_tag","embeddable":true,"href":"https:\/\/moi-dom.md\/ro\/wp-json\/wp\/v2\/product_tag?post=3994"}],"curies":[{"name":"wp","href":"https:\/\/api.w.org\/{rel}","templated":true}]}}