{"id":3972,"date":"2025-10-30T15:22:42","date_gmt":"2025-10-30T15:22:42","guid":{"rendered":"https:\/\/moi-dom.md\/product\/cada-de-baie-4\/"},"modified":"2026-02-02T14:38:29","modified_gmt":"2026-02-02T11:38:29","slug":"cada-de-baie-4","status":"publish","type":"product","link":"https:\/\/moi-dom.md\/ro\/produs\/cada-de-baie-4\/","title":{"rendered":"Cada de baie"},"content":{"rendered":"<p>Cada pentru bebelu\u0219i cu scurgere, proiectat\u0103 pentru \u00eemb\u0103ierea confortabil\u0103 \u0219i sigur\u0103 a bebelu\u0219ilor din primele zile de via\u021b\u0103. Forma ergonomic\u0103 men\u021bine copilul \u00eentr-o pozi\u021bie confortabil\u0103, prevenind alunecarea.  U\u0219or de cur\u0103\u021bat, nu absoarbe mirosurile \u0219i p\u0103streaz\u0103 un aspect atractiv.<\/p>\n","protected":false},"excerpt":{"rendered":"<p>Cada de baie pentru copii confortabil\u0103 \u0219i sigur\u0103 cu scurgere. Fabricat din plastic durabil, u\u0219or de cur\u0103\u021bat \u0219i ofer\u0103 o experien\u021b\u0103 de \u00eemb\u0103iere confortabil\u0103 pentru copilul dumneavoastr\u0103. <\/p>\n","protected":false},"featured_media":3973,"template":"","meta":[],"product_brand":[],"product_cat":[127],"product_tag":[],"class_list":{"0":"post-3972","1":"product","2":"type-product","3":"status-publish","4":"has-post-thumbnail","6":"product_cat-produse-pentru-bebelusi","7":"pa_color-grey","8":"pa_color-muted-gray-blue","9":"pa_color-soft-powder-pink","10":"pa_color-olive-green","11":"pa_manufacturer-turcia","12":"pa_material-pp-polipropilena","13":"pa_size-912x535x285-cm","14":"pa_volume-50-l","16":"first","17":"instock","18":"shipping-taxable","19":"purchasable","20":"product-type-variable"},"_links":{"self":[{"href":"https:\/\/moi-dom.md\/ro\/wp-json\/wp\/v2\/product\/3972","targetHints":{"allow":["GET"]}}],"collection":[{"href":"https:\/\/moi-dom.md\/ro\/wp-json\/wp\/v2\/product"}],"about":[{"href":"https:\/\/moi-dom.md\/ro\/wp-json\/wp\/v2\/types\/product"}],"version-history":[{"count":2,"href":"https:\/\/moi-dom.md\/ro\/wp-json\/wp\/v2\/product\/3972\/revisions"}],"predecessor-version":[{"id":8813,"href":"https:\/\/moi-dom.md\/ro\/wp-json\/wp\/v2\/product\/3972\/revisions\/8813"}],"wp:featuredmedia":[{"embeddable":true,"href":"https:\/\/moi-dom.md\/ro\/wp-json\/wp\/v2\/media\/3973"}],"wp:attachment":[{"href":"https:\/\/moi-dom.md\/ro\/wp-json\/wp\/v2\/media?parent=3972"}],"wp:term":[{"taxonomy":"product_brand","embeddable":true,"href":"https:\/\/moi-dom.md\/ro\/wp-json\/wp\/v2\/product_brand?post=3972"},{"taxonomy":"product_cat","embeddable":true,"href":"https:\/\/moi-dom.md\/ro\/wp-json\/wp\/v2\/product_cat?post=3972"},{"taxonomy":"product_tag","embeddable":true,"href":"https:\/\/moi-dom.md\/ro\/wp-json\/wp\/v2\/product_tag?post=3972"}],"curies":[{"name":"wp","href":"https:\/\/api.w.org\/{rel}","templated":true}]}}