{"id":3953,"date":"2025-10-30T15:22:42","date_gmt":"2025-10-30T15:22:42","guid":{"rendered":"https:\/\/moi-dom.md\/product\/stand-de-baie\/"},"modified":"2026-02-02T14:43:26","modified_gmt":"2026-02-02T11:43:26","slug":"stand-de-baie","status":"publish","type":"product","link":"https:\/\/moi-dom.md\/ro\/produs\/stand-de-baie\/","title":{"rendered":"Suport pentru baie bebelu\u0219i"},"content":{"rendered":"<p>Suportul pentru \u00eemb\u0103ierea bebelu\u0219ului este conceput pentru a oferi confort \u0219i siguran\u021b\u0103 \u00een timpul b\u0103ii. Forma ergonomic\u0103 sus\u021bine copilul \u00eentr-o pozi\u021bie corect\u0103, reduc\u00e2nd efortul asupra m\u00e2inilor p\u0103rin\u021bilor.  Elementele antiderapante asigur\u0103 stabilitate suplimentar\u0103 \u00een timpul utiliz\u0103rii. Potrivit pentru cad\u0103 \u0219i c\u0103di\u021b\u0103 pentru copii, poate fi folosit \u00eenc\u0103 din primele luni de via\u021b\u0103. <\/p>\n","protected":false},"excerpt":{"rendered":"<p>Suport pentru \u00eemb\u0103ierea bebelu\u0219ului, care ofer\u0103 confort \u0219i siguran\u021b\u0103 \u00een timpul procedurilor cu ap\u0103. Ajut\u0103 la men\u021binerea copilului \u00eentr-o pozi\u021bie stabil\u0103 \u0219i comod\u0103. <\/p>\n","protected":false},"featured_media":3954,"template":"","meta":[],"product_brand":[],"product_cat":[97],"product_tag":[],"class_list":{"0":"post-3953","1":"product","2":"type-product","3":"status-publish","4":"has-post-thumbnail","6":"product_cat-tovary-dlea-malishei","7":"pa_color-grey","8":"pa_color-muted-gray-blue","9":"pa_color-soft-powder-pink","10":"pa_color-olive-green","11":"pa_manufacturer-senyayla-plastik","12":"pa_material-pp-","13":"pa_size-265x532x22-","15":"first","16":"instock","17":"shipping-taxable","18":"purchasable","19":"product-type-variable"},"_links":{"self":[{"href":"https:\/\/moi-dom.md\/ro\/wp-json\/wp\/v2\/product\/3953","targetHints":{"allow":["GET"]}}],"collection":[{"href":"https:\/\/moi-dom.md\/ro\/wp-json\/wp\/v2\/product"}],"about":[{"href":"https:\/\/moi-dom.md\/ro\/wp-json\/wp\/v2\/types\/product"}],"version-history":[{"count":1,"href":"https:\/\/moi-dom.md\/ro\/wp-json\/wp\/v2\/product\/3953\/revisions"}],"predecessor-version":[{"id":8817,"href":"https:\/\/moi-dom.md\/ro\/wp-json\/wp\/v2\/product\/3953\/revisions\/8817"}],"wp:featuredmedia":[{"embeddable":true,"href":"https:\/\/moi-dom.md\/ro\/wp-json\/wp\/v2\/media\/3954"}],"wp:attachment":[{"href":"https:\/\/moi-dom.md\/ro\/wp-json\/wp\/v2\/media?parent=3953"}],"wp:term":[{"taxonomy":"product_brand","embeddable":true,"href":"https:\/\/moi-dom.md\/ro\/wp-json\/wp\/v2\/product_brand?post=3953"},{"taxonomy":"product_cat","embeddable":true,"href":"https:\/\/moi-dom.md\/ro\/wp-json\/wp\/v2\/product_cat?post=3953"},{"taxonomy":"product_tag","embeddable":true,"href":"https:\/\/moi-dom.md\/ro\/wp-json\/wp\/v2\/product_tag?post=3953"}],"curies":[{"name":"wp","href":"https:\/\/api.w.org\/{rel}","templated":true}]}}