{"id":3921,"date":"2025-10-30T15:22:42","date_gmt":"2025-10-30T15:22:42","guid":{"rendered":"https:\/\/moi-dom.md\/product\/stand-pentru-copii-2\/"},"modified":"2026-02-02T14:36:41","modified_gmt":"2026-02-02T11:36:41","slug":"stand-pentru-copii-2","status":"publish","type":"product","link":"https:\/\/moi-dom.md\/ro\/produs\/stand-pentru-copii-2\/","title":{"rendered":"Taburet pentru copii"},"content":{"rendered":"<p>Taburetul pentru copii este conceput pentru utilizare independent\u0103 de c\u0103tre copil, at\u00e2t \u00een baie, c\u00e2t \u0219i \u00een alte \u00eenc\u0103peri. Construc\u021bia stabil\u0103 ofer\u0103 siguran\u021b\u0103 \u0219i confort, iar suprafa\u021ba \u0219i picioarele antiderapante previn alunecarea.  Este fabricat din plastic rezistent \u0219i sigur pentru copii, se cur\u0103\u021b\u0103 u\u0219or \u0219i suport\u0103 greut\u0103\u021bi mari.<\/p>\n","protected":false},"excerpt":{"rendered":"<p>Taburet stabil \u0219i confortabil pentru copii, cu suprafa\u021b\u0103 antiderapant\u0103. Ajut\u0103 copilul s\u0103 ajung\u0103 \u00een siguran\u021b\u0103 la chiuvet\u0103, toalet\u0103 sau mas\u0103. <\/p>\n","protected":false},"featured_media":3922,"template":"","meta":[],"product_brand":[],"product_cat":[127],"product_tag":[],"class_list":{"0":"post-3921","1":"product","2":"type-product","3":"status-publish","4":"has-post-thumbnail","6":"product_cat-produse-pentru-bebelusi","7":"pa_color-grey","8":"pa_color-muted-gray-blue","9":"pa_color-soft-powder-pink","10":"pa_color-olive-green","11":"pa_manufacturer-turcia","12":"pa_material-pp-polipropilena","13":"pa_size-36x346x225-","15":"first","16":"instock","17":"shipping-taxable","18":"purchasable","19":"product-type-variable"},"_links":{"self":[{"href":"https:\/\/moi-dom.md\/ro\/wp-json\/wp\/v2\/product\/3921","targetHints":{"allow":["GET"]}}],"collection":[{"href":"https:\/\/moi-dom.md\/ro\/wp-json\/wp\/v2\/product"}],"about":[{"href":"https:\/\/moi-dom.md\/ro\/wp-json\/wp\/v2\/types\/product"}],"version-history":[{"count":2,"href":"https:\/\/moi-dom.md\/ro\/wp-json\/wp\/v2\/product\/3921\/revisions"}],"predecessor-version":[{"id":8811,"href":"https:\/\/moi-dom.md\/ro\/wp-json\/wp\/v2\/product\/3921\/revisions\/8811"}],"wp:featuredmedia":[{"embeddable":true,"href":"https:\/\/moi-dom.md\/ro\/wp-json\/wp\/v2\/media\/3922"}],"wp:attachment":[{"href":"https:\/\/moi-dom.md\/ro\/wp-json\/wp\/v2\/media?parent=3921"}],"wp:term":[{"taxonomy":"product_brand","embeddable":true,"href":"https:\/\/moi-dom.md\/ro\/wp-json\/wp\/v2\/product_brand?post=3921"},{"taxonomy":"product_cat","embeddable":true,"href":"https:\/\/moi-dom.md\/ro\/wp-json\/wp\/v2\/product_cat?post=3921"},{"taxonomy":"product_tag","embeddable":true,"href":"https:\/\/moi-dom.md\/ro\/wp-json\/wp\/v2\/product_tag?post=3921"}],"curies":[{"name":"wp","href":"https:\/\/api.w.org\/{rel}","templated":true}]}}