{"id":3917,"date":"2025-10-30T15:22:42","date_gmt":"2025-10-30T15:22:42","guid":{"rendered":"https:\/\/moi-dom.md\/product\/cada-de-baie-2\/"},"modified":"2026-02-02T14:37:55","modified_gmt":"2026-02-02T11:37:55","slug":"cada-de-baie-2","status":"publish","type":"product","link":"https:\/\/moi-dom.md\/ro\/produs\/cada-de-baie-2\/","title":{"rendered":"Cada de baie"},"content":{"rendered":"<p>Cada pentru bebelu\u0219i este proiectat\u0103 pentru \u00eemb\u0103ierea confortabil\u0103 \u0219i sigur\u0103 a bebelu\u0219ilor din primele zile de via\u021b\u0103. Forma ergonomic\u0103 men\u021bine bebelu\u0219ul \u00eentr-o pozi\u021bie confortabil\u0103, prevenind alunecarea.  Potrivit pentru utilizare at\u00e2t acas\u0103, c\u00e2t \u0219i \u00een mediul rural. Dimensiunile compacte faciliteaz\u0103 depozitarea \u0219i transportul c\u0103zii. <\/p>\n","protected":false},"excerpt":{"rendered":"<p>C\u0103di\u021b\u0103 confortabil\u0103 \u0219i sigur\u0103 pentru \u00eemb\u0103ierea bebelu\u0219ilor. Fabricat\u0103 din plastic durabil, u\u0219or de cur\u0103\u021bat \u0219i ofer\u0103 o experien\u021b\u0103 de \u00eemb\u0103iere confortabil\u0103 pentru bebelu\u0219ul dvs. <\/p>\n","protected":false},"featured_media":3918,"template":"","meta":[],"product_brand":[],"product_cat":[127],"product_tag":[],"class_list":{"0":"post-3917","1":"product","2":"type-product","3":"status-publish","4":"has-post-thumbnail","6":"product_cat-produse-pentru-bebelusi","7":"pa_manufacturer-turcia","8":"pa_material-pp-polipropilena","9":"pa_size-48x85x24-cm","10":"pa_volume-35-l","12":"first","13":"instock","14":"shipping-taxable","15":"purchasable","16":"product-type-simple"},"_links":{"self":[{"href":"https:\/\/moi-dom.md\/ro\/wp-json\/wp\/v2\/product\/3917","targetHints":{"allow":["GET"]}}],"collection":[{"href":"https:\/\/moi-dom.md\/ro\/wp-json\/wp\/v2\/product"}],"about":[{"href":"https:\/\/moi-dom.md\/ro\/wp-json\/wp\/v2\/types\/product"}],"version-history":[{"count":1,"href":"https:\/\/moi-dom.md\/ro\/wp-json\/wp\/v2\/product\/3917\/revisions"}],"predecessor-version":[{"id":8812,"href":"https:\/\/moi-dom.md\/ro\/wp-json\/wp\/v2\/product\/3917\/revisions\/8812"}],"wp:featuredmedia":[{"embeddable":true,"href":"https:\/\/moi-dom.md\/ro\/wp-json\/wp\/v2\/media\/3918"}],"wp:attachment":[{"href":"https:\/\/moi-dom.md\/ro\/wp-json\/wp\/v2\/media?parent=3917"}],"wp:term":[{"taxonomy":"product_brand","embeddable":true,"href":"https:\/\/moi-dom.md\/ro\/wp-json\/wp\/v2\/product_brand?post=3917"},{"taxonomy":"product_cat","embeddable":true,"href":"https:\/\/moi-dom.md\/ro\/wp-json\/wp\/v2\/product_cat?post=3917"},{"taxonomy":"product_tag","embeddable":true,"href":"https:\/\/moi-dom.md\/ro\/wp-json\/wp\/v2\/product_tag?post=3917"}],"curies":[{"name":"wp","href":"https:\/\/api.w.org\/{rel}","templated":true}]}}