{"id":3841,"date":"2025-10-30T15:22:42","date_gmt":"2025-10-30T15:22:42","guid":{"rendered":"https:\/\/moi-dom.md\/product\/recipient-pentru-jucarii\/"},"modified":"2026-02-02T14:27:01","modified_gmt":"2026-02-02T11:27:01","slug":"recipient-pentru-jucarii","status":"publish","type":"product","link":"https:\/\/moi-dom.md\/ro\/produs\/recipient-pentru-jucarii\/","title":{"rendered":"Containerul pentru juc\u0103rii"},"content":{"rendered":"<p>Containerul pentru juc\u0103rii este o solu\u021bie convenabil\u0103 pentru depozitarea lucrurilor pentru copii, a constructorilor \u0219i a accesoriilor mici. Datorit\u0103 spa\u021biului s\u0103u spa\u021bios \u0219i a construc\u021biei robuste, v\u0103 permite s\u0103 v\u0103 organiza\u021bi \u00eengrijit spa\u021biul \u0219i s\u0103 v\u0103 \u00eenv\u0103\u021ba\u021bi copilul s\u0103 fie ordonat.  Fabricat din plastic sigur, durabil, u\u0219or de cur\u0103\u021bat \u0219i nu are col\u021buri ascu\u021bite. Containerul poate fi folosit at\u00e2t acas\u0103, c\u00e2t \u0219i pentru depozitarea juc\u0103riilor la caban\u0103 sau \u00een camera de joac\u0103. <\/p>\n","protected":false},"excerpt":{"rendered":"<p>Containerul de juc\u0103rii robust \u0219i spa\u021bios va ajuta la men\u021binerea ordinii \u00een camera copilului dvs.<\/p>\n","protected":false},"featured_media":3842,"template":"","meta":[],"product_brand":[],"product_cat":[97],"product_tag":[],"class_list":{"0":"post-3841","1":"product","2":"type-product","3":"status-publish","4":"has-post-thumbnail","6":"product_cat-tovary-dlea-malishei","7":"pa_color-baby-blue","8":"pa_color-beige","9":"pa_color-pink","10":"pa_manufacturer-senyayla-plastik","11":"pa_material-pp-","12":"pa_size-41x61x34-","13":"pa_volume-55-","15":"first","16":"instock","17":"shipping-taxable","18":"purchasable","19":"product-type-variable"},"_links":{"self":[{"href":"https:\/\/moi-dom.md\/ro\/wp-json\/wp\/v2\/product\/3841","targetHints":{"allow":["GET"]}}],"collection":[{"href":"https:\/\/moi-dom.md\/ro\/wp-json\/wp\/v2\/product"}],"about":[{"href":"https:\/\/moi-dom.md\/ro\/wp-json\/wp\/v2\/types\/product"}],"version-history":[{"count":2,"href":"https:\/\/moi-dom.md\/ro\/wp-json\/wp\/v2\/product\/3841\/revisions"}],"predecessor-version":[{"id":8802,"href":"https:\/\/moi-dom.md\/ro\/wp-json\/wp\/v2\/product\/3841\/revisions\/8802"}],"wp:featuredmedia":[{"embeddable":true,"href":"https:\/\/moi-dom.md\/ro\/wp-json\/wp\/v2\/media\/3842"}],"wp:attachment":[{"href":"https:\/\/moi-dom.md\/ro\/wp-json\/wp\/v2\/media?parent=3841"}],"wp:term":[{"taxonomy":"product_brand","embeddable":true,"href":"https:\/\/moi-dom.md\/ro\/wp-json\/wp\/v2\/product_brand?post=3841"},{"taxonomy":"product_cat","embeddable":true,"href":"https:\/\/moi-dom.md\/ro\/wp-json\/wp\/v2\/product_cat?post=3841"},{"taxonomy":"product_tag","embeddable":true,"href":"https:\/\/moi-dom.md\/ro\/wp-json\/wp\/v2\/product_tag?post=3841"}],"curies":[{"name":"wp","href":"https:\/\/api.w.org\/{rel}","templated":true}]}}