{"id":3821,"date":"2025-10-30T15:22:42","date_gmt":"2025-10-30T15:22:42","guid":{"rendered":"https:\/\/moi-dom.md\/product\/olita-pentru-copii-2\/"},"modified":"2026-02-02T14:30:21","modified_gmt":"2026-02-02T11:30:21","slug":"olita-pentru-copii-2","status":"publish","type":"product","link":"https:\/\/moi-dom.md\/ro\/produs\/olita-pentru-copii-2\/","title":{"rendered":"Olita pentru copii"},"content":{"rendered":"<p>Oli\u021ba pentru copii este conceput\u0103 pentru o acomodare confortabil\u0103 \u0219i lini\u0219tit\u0103 cu toaleta. Forma ergonomic\u0103 ajut\u0103 copilul s\u0103 stea corect, iar baza stabil\u0103 ofer\u0103 siguran\u021b\u0103 \u0219i \u00eencredere. Marginile netede \u0219i plasticul rezistent fac oli\u021ba sigur\u0103 \u0219i u\u0219or de \u00eentre\u021binut \u2014 se cur\u0103\u021b\u0103 rapid \u0219i este potrivit\u0103 pentru utilizare zilnic\u0103, acas\u0103 sau \u00een deplasare.  <\/p>\n","protected":false},"excerpt":{"rendered":"<p>Oli\u021b\u0103 stabil\u0103 pentru copii: u\u0219oar\u0103, rezistent\u0103 \u0219i u\u0219or de cur\u0103\u021bat \u2014 ideal\u0103 pentru acas\u0103 \u0219i c\u0103l\u0103torii.<\/p>\n","protected":false},"featured_media":3823,"template":"","meta":[],"product_brand":[],"product_cat":[127],"product_tag":[],"class_list":{"0":"post-3821","1":"product","2":"type-product","3":"status-publish","4":"has-post-thumbnail","6":"product_cat-produse-pentru-bebelusi","7":"pa_color-albastru","8":"pa_color-baby-blue","9":"pa_color-red","10":"pa_color-pink","11":"pa_color-salad-green","12":"pa_manufacturer-turcia","13":"pa_material-pp-polipropilena","14":"pa_size-345x34x30-cm","16":"first","17":"instock","18":"shipping-taxable","19":"purchasable","20":"product-type-variable"},"_links":{"self":[{"href":"https:\/\/moi-dom.md\/ro\/wp-json\/wp\/v2\/product\/3821","targetHints":{"allow":["GET"]}}],"collection":[{"href":"https:\/\/moi-dom.md\/ro\/wp-json\/wp\/v2\/product"}],"about":[{"href":"https:\/\/moi-dom.md\/ro\/wp-json\/wp\/v2\/types\/product"}],"version-history":[{"count":2,"href":"https:\/\/moi-dom.md\/ro\/wp-json\/wp\/v2\/product\/3821\/revisions"}],"predecessor-version":[{"id":8807,"href":"https:\/\/moi-dom.md\/ro\/wp-json\/wp\/v2\/product\/3821\/revisions\/8807"}],"wp:featuredmedia":[{"embeddable":true,"href":"https:\/\/moi-dom.md\/ro\/wp-json\/wp\/v2\/media\/3823"}],"wp:attachment":[{"href":"https:\/\/moi-dom.md\/ro\/wp-json\/wp\/v2\/media?parent=3821"}],"wp:term":[{"taxonomy":"product_brand","embeddable":true,"href":"https:\/\/moi-dom.md\/ro\/wp-json\/wp\/v2\/product_brand?post=3821"},{"taxonomy":"product_cat","embeddable":true,"href":"https:\/\/moi-dom.md\/ro\/wp-json\/wp\/v2\/product_cat?post=3821"},{"taxonomy":"product_tag","embeddable":true,"href":"https:\/\/moi-dom.md\/ro\/wp-json\/wp\/v2\/product_tag?post=3821"}],"curies":[{"name":"wp","href":"https:\/\/api.w.org\/{rel}","templated":true}]}}