{"id":3647,"date":"2025-10-30T17:48:24","date_gmt":"2025-10-30T17:48:24","guid":{"rendered":"https:\/\/moi-dom.md\/product\/cos-cu-capac-plutitor-5-litri-2\/"},"modified":"2026-02-13T13:27:35","modified_gmt":"2026-02-13T10:27:35","slug":"cos-cu-capac-plutitor-5-litri-2","status":"publish","type":"product","link":"https:\/\/moi-dom.md\/ro\/produs\/cos-cu-capac-plutitor-5-litri-2\/","title":{"rendered":"Co\u0219 de gunoi cu capac mobil (5 l)"},"content":{"rendered":"<p>Co\u0219ul de gunoi cu capac plutitor combin\u0103 stilul, confortul \u0219i func\u021bionalitatea. Designul special al capacului faciliteaz\u0103 eliminarea de\u0219eurilor f\u0103r\u0103 a le atinge cu m\u00e2inile &#8211; o u\u0219oar\u0103 mi\u0219care este suficient\u0103.  Fabricat din plastic durabil \u0219i u\u0219or, rezistent la umiditate \u0219i mirosuri. Capacul se \u00eenchide ermetic, prevenind r\u0103sp\u00e2ndirea mirosurilor nepl\u0103cute \u0219i men\u021bin\u00e2nd un aspect ordonat. <\/p>\n","protected":false},"excerpt":{"rendered":"<p>Co\u0219ul de gunoi la \u00eendem\u00e2n\u0103 cu capac plutitor este o solu\u021bie practic\u0103 pentru a v\u0103 men\u021bine casa curat\u0103 \u0219i confortabil\u0103.<\/p>\n","protected":false},"featured_media":3648,"template":"","meta":[],"product_brand":[],"product_cat":[775,36],"product_tag":[],"class_list":{"0":"post-3647","1":"product","2":"type-product","3":"status-publish","4":"has-post-thumbnail","6":"product_cat-vedra-s-plavayushchey-kryshkoy","7":"product_cat-musornye-vedra-baki","8":"pa_color-white","9":"pa_color-beige","10":"pa_color-dark_grey","11":"pa_manufacturer-senyayla-plastik","12":"pa_material-pp-","13":"pa_size-185x15x285-","14":"pa_volume-5-","16":"first","17":"instock","18":"shipping-taxable","19":"purchasable","20":"product-type-variable"},"_links":{"self":[{"href":"https:\/\/moi-dom.md\/ro\/wp-json\/wp\/v2\/product\/3647","targetHints":{"allow":["GET"]}}],"collection":[{"href":"https:\/\/moi-dom.md\/ro\/wp-json\/wp\/v2\/product"}],"about":[{"href":"https:\/\/moi-dom.md\/ro\/wp-json\/wp\/v2\/types\/product"}],"version-history":[{"count":3,"href":"https:\/\/moi-dom.md\/ro\/wp-json\/wp\/v2\/product\/3647\/revisions"}],"predecessor-version":[{"id":9535,"href":"https:\/\/moi-dom.md\/ro\/wp-json\/wp\/v2\/product\/3647\/revisions\/9535"}],"wp:featuredmedia":[{"embeddable":true,"href":"https:\/\/moi-dom.md\/ro\/wp-json\/wp\/v2\/media\/3648"}],"wp:attachment":[{"href":"https:\/\/moi-dom.md\/ro\/wp-json\/wp\/v2\/media?parent=3647"}],"wp:term":[{"taxonomy":"product_brand","embeddable":true,"href":"https:\/\/moi-dom.md\/ro\/wp-json\/wp\/v2\/product_brand?post=3647"},{"taxonomy":"product_cat","embeddable":true,"href":"https:\/\/moi-dom.md\/ro\/wp-json\/wp\/v2\/product_cat?post=3647"},{"taxonomy":"product_tag","embeddable":true,"href":"https:\/\/moi-dom.md\/ro\/wp-json\/wp\/v2\/product_tag?post=3647"}],"curies":[{"name":"wp","href":"https:\/\/api.w.org\/{rel}","templated":true}]}}