{"id":3534,"date":"2025-10-30T17:48:24","date_gmt":"2025-10-30T17:48:24","guid":{"rendered":"https:\/\/moi-dom.md\/product\/cos-cu-pedala-slim-40l\/"},"modified":"2026-02-13T13:16:07","modified_gmt":"2026-02-13T10:16:07","slug":"cos-cu-pedala-slim-40l","status":"publish","type":"product","link":"https:\/\/moi-dom.md\/ro\/produs\/cos-cu-pedala-slim-40l\/","title":{"rendered":"Co\u0219 cu pedal\u0103 SLIM (40 l)"},"content":{"rendered":"<p>Co\u0219ul de gunoi cu pedal\u0103 este un accesoriu practic pentru a v\u0103 men\u021bine casa curat\u0103 \u0219i confortabil\u0103. Echipat cu un mecanism convenabil cu picior care v\u0103 permite s\u0103 deschide\u021bi capacul f\u0103r\u0103 a v\u0103 atinge m\u00e2inile &#8211; este c\u00e2t se poate de igienic \u0219i convenabil pentru utilizarea zilnic\u0103.<br \/>\nFabricat din plastic durabil, u\u0219or, rezistent la umiditate \u0219i murd\u0103rie. Capacul se potrive\u0219te perfect pentru a preveni r\u0103sp\u00e2ndirea mirosurilor. <\/p>\n","protected":false},"excerpt":{"rendered":"<p>Co\u0219ul de gunoi cu pedal\u0103 compact \u0219i la \u00eendem\u00e2n\u0103 este o solu\u021bie igienic\u0103 pentru baie, buc\u0103t\u0103rie sau birou.<\/p>\n","protected":false},"featured_media":3535,"template":"","meta":[],"product_brand":[],"product_cat":[774,121],"product_tag":[],"class_list":{"0":"post-3534","1":"product","2":"type-product","3":"status-publish","4":"has-post-thumbnail","6":"product_cat-cosuri-cu-pedala","7":"product_cat-cosuri-de-gunoi","8":"pa_color-beige","9":"pa_color-dark_grey","10":"pa_manufacturer-turcia","11":"pa_material-plastic","12":"pa_size-425x30x535-cm","13":"pa_volume-40-l","15":"first","16":"instock","17":"shipping-taxable","18":"purchasable","19":"product-type-variable"},"_links":{"self":[{"href":"https:\/\/moi-dom.md\/ro\/wp-json\/wp\/v2\/product\/3534","targetHints":{"allow":["GET"]}}],"collection":[{"href":"https:\/\/moi-dom.md\/ro\/wp-json\/wp\/v2\/product"}],"about":[{"href":"https:\/\/moi-dom.md\/ro\/wp-json\/wp\/v2\/types\/product"}],"version-history":[{"count":3,"href":"https:\/\/moi-dom.md\/ro\/wp-json\/wp\/v2\/product\/3534\/revisions"}],"predecessor-version":[{"id":8988,"href":"https:\/\/moi-dom.md\/ro\/wp-json\/wp\/v2\/product\/3534\/revisions\/8988"}],"wp:featuredmedia":[{"embeddable":true,"href":"https:\/\/moi-dom.md\/ro\/wp-json\/wp\/v2\/media\/3535"}],"wp:attachment":[{"href":"https:\/\/moi-dom.md\/ro\/wp-json\/wp\/v2\/media?parent=3534"}],"wp:term":[{"taxonomy":"product_brand","embeddable":true,"href":"https:\/\/moi-dom.md\/ro\/wp-json\/wp\/v2\/product_brand?post=3534"},{"taxonomy":"product_cat","embeddable":true,"href":"https:\/\/moi-dom.md\/ro\/wp-json\/wp\/v2\/product_cat?post=3534"},{"taxonomy":"product_tag","embeddable":true,"href":"https:\/\/moi-dom.md\/ro\/wp-json\/wp\/v2\/product_tag?post=3534"}],"curies":[{"name":"wp","href":"https:\/\/api.w.org\/{rel}","templated":true}]}}